{"id":8967,"date":"2024-12-02T11:24:21","date_gmt":"2024-12-02T08:24:21","guid":{"rendered":"https:\/\/drmerdancelik.de\/tr\/?page_id=8967"},"modified":"2024-12-02T11:33:16","modified_gmt":"2024-12-02T08:33:16","slug":"kisisel-veri-isleme-politikasi","status":"publish","type":"page","link":"https:\/\/drmerdancelik.de\/tr\/kisisel-veri-isleme-politikasi\/","title":{"rendered":"Ki\u015fisel Veri \u0130\u015fleme Politikas\u0131"},"content":{"rendered":"\t\t<div data-elementor-type=\"wp-page\" data-elementor-id=\"8967\" class=\"elementor elementor-8967\" data-elementor-post-type=\"page\">\n\t\t\t\t\t\t<section class=\"elementor-section elementor-top-section elementor-element elementor-element-c9b3ad5 elementor-section-boxed elementor-section-height-default elementor-section-height-default\" data-id=\"c9b3ad5\" data-element_type=\"section\">\n\t\t\t\t\t\t<div class=\"elementor-container elementor-column-gap-default\">\n\t\t\t\t\t<div class=\"elementor-column elementor-col-100 elementor-top-column elementor-element elementor-element-a31e693\" data-id=\"a31e693\" data-element_type=\"column\">\n\t\t\t<div class=\"elementor-widget-wrap elementor-element-populated\">\n\t\t\t\t\t\t<div class=\"elementor-element elementor-element-6bb9714 elementor-widget__width-auto elementor-widget elementor-widget-ld_breadcrumb\" data-id=\"6bb9714\" data-element_type=\"widget\" data-widget_type=\"ld_breadcrumb.default\">\n\t\t\t\t<div class=\"elementor-widget-container\">\n\t\t\t<div class=\"lqd-breadcrumb-wrapper\"><nav role=\"navigation\" aria-label=\"Breadcrumbs\" class=\"breadcrumbs\"><ol class=\"breadcrumb reset-ul inline-nav inline-ul comma-sep-li\"><li class=\"breadcrumb-item active\"><a href=\"https:\/\/drmerdancelik.de\/tr\" rel=\"home\"><span>Anasayfa<\/span><\/a><\/li><\/ol><\/nav><\/div>\t\t<\/div>\n\t\t\t\t<\/div>\n\t\t\t\t<div class=\"elementor-element elementor-element-1795aca elementor-widget elementor-widget-hub_fancy_heading\" data-id=\"1795aca\" data-element_type=\"widget\" data-widget_type=\"hub_fancy_heading.default\">\n\t\t\t\t<div class=\"elementor-widget-container\">\n\t\t\t\n\t\t<div id=\"ld-fancy-heading-69e3a663156a3\" class=\"ld-fancy-heading pos-rel\">\n\t\t\t<h1 class=\"ld-fh-element d-inline-block pos-rel  elementor-heading-title lqd-highlight-classic lqd-highlight-grow-left h1\"  > Ki\u015fisel Veri \u0130\u015fleme Politikas\u0131<\/h1>\t\t<\/div>\n\n\t\t\t\t<\/div>\n\t\t\t\t<\/div>\n\t\t\t\t<div class=\"elementor-element elementor-element-eff3e49 elementor-widget elementor-widget-spacer\" data-id=\"eff3e49\" data-element_type=\"widget\" data-widget_type=\"spacer.default\">\n\t\t\t\t<div class=\"elementor-widget-container\">\n\t\t\t\t\t<div class=\"elementor-spacer\">\n\t\t\t<div class=\"elementor-spacer-inner\"><\/div>\n\t\t<\/div>\n\t\t\t\t<\/div>\n\t\t\t\t<\/div>\n\t\t\t\t<div class=\"elementor-element elementor-element-c882b47 elementor-widget elementor-widget-hub_fancy_heading\" data-id=\"c882b47\" data-element_type=\"widget\" data-widget_type=\"hub_fancy_heading.default\">\n\t\t\t\t<div class=\"elementor-widget-container\">\n\t\t\t\n\t\t<div id=\"ld-fancy-heading-69e3a66320749\" class=\"ld-fancy-heading pos-rel\">\n\t\t\t<h3 class=\"ld-fh-element d-inline-block pos-rel  elementor-heading-title lqd-highlight-classic lqd-highlight-grow-left h3\"  > Ki\u015fisel Verilerin Korunmas\u0131 ve \u0130\u015flenmesi Politikas\u0131<\/h3>\t\t<\/div>\n\n\t\t\t\t<\/div>\n\t\t\t\t<\/div>\n\t\t\t\t<div class=\"elementor-element elementor-element-a0092b1 elementor-widget elementor-widget-spacer\" data-id=\"a0092b1\" data-element_type=\"widget\" data-widget_type=\"spacer.default\">\n\t\t\t\t<div class=\"elementor-widget-container\">\n\t\t\t\t\t<div class=\"elementor-spacer\">\n\t\t\t<div class=\"elementor-spacer-inner\"><\/div>\n\t\t<\/div>\n\t\t\t\t<\/div>\n\t\t\t\t<\/div>\n\t\t\t\t<div class=\"elementor-element elementor-element-5edb9ff elementor-widget elementor-widget-text-editor\" data-id=\"5edb9ff\" data-element_type=\"widget\" data-widget_type=\"text-editor.default\">\n\t\t\t\t<div class=\"elementor-widget-container\">\n\t\t\t\t\t\t\t<p style=\"font-weight: 400;\">Veri sorumlusu\u00a0Dr. Merdan \u00c7elik<b><strong>\u00a0<\/strong><\/b>Muayenehanesi,\u00a0belirlenen \u00fcst\u00fcn hizmet kalitesi, bireylerin haklar\u0131na sayg\u0131, \u015feffafl\u0131k ve d\u00fcr\u00fcstl\u00fck ilkeleri \u00e7er\u00e7evesinde, Ki\u015fisel Verileri Koruma Kanunu ile belirlenen d\u00fczenlemeler do\u011frultusunda\u00a0m\u00fc\u015fterileri, \u00e7al\u0131\u015fanlar\u0131 ve ili\u015fki i\u00e7inde oldu\u011fu di\u011fer ger\u00e7ek ki\u015filere ait ki\u015fisel verilerin korunmas\u0131 b\u00fcy\u00fck \u00f6nem arz etmektedir. Hasta mahremiyetine ve hastalar\u0131m\u0131za ait her t\u00fcrl\u00fc ki\u015fisel verinin m\u00fcmk\u00fcn olan en iyi \u015fekilde ve \u00f6zenle i\u015flenerek muhafaza edilmesine b\u00fcy\u00fck \u00f6nem verilmektedir. Hastalar\u0131m\u0131z\u0131n yan\u0131 s\u0131ra refakat\u00e7iler, ziyaret\u00e7iler ve i\u015fbirli\u011fi i\u00e7erisinde oldu\u011fumuz kurum ve kurulu\u015f \u00e7al\u0131\u015fanlar\u0131n\u0131n mevzuatta yer alan temel ilkeler \u00e7er\u00e7evesinde ki\u015fisel verilerini korumak ve i\u015flemek amac\u0131yla bu politika d\u00fczenlenmi\u015ftir.<\/p><p style=\"font-weight: 400;\">Bu Politikan\u0131n amac\u0131 muayenehanemiz taraf\u0131ndan mevzuata uygun bir bi\u00e7imde y\u00fcr\u00fct\u00fclen ki\u015fisel veri i\u015fleme faaliyeti kapsam\u0131nda hastalar\u0131m\u0131z, refakat\u00e7ilerimiz, ziyaret\u00e7ilerimiz, \u00e7al\u0131\u015fanlar\u0131m\u0131z ve kurum yetkililerimiz, i\u015fbirli\u011fi i\u00e7inde oldu\u011fumuz kurumlar\u0131n \u00e7al\u0131\u015fanlar\u0131, yetkilileri ve \u00fc\u00e7\u00fcnc\u00fc ki\u015filer ba\u015fta olmak \u00fczere ki\u015fisel verileri i\u015flenen ki\u015fileri bilgilendirerek \u015feffafl\u0131\u011f\u0131 sa\u011flamakt\u0131r.\u00a0Bu kapsamda, 6698 say\u0131l\u0131 Kanun ve ilgili mevzuat gere\u011fince ki\u015fisel verilerin i\u015flenmesi ve korunmas\u0131 gereken idari ve teknik tedbirler al\u0131nmaktad\u0131r.\u00a0Bu politika kapsam\u0131nda ki\u015fisel verisi i\u015flenen ger\u00e7ek ki\u015filer, Veri \u0130lgilisi, \u0130lgili Ki\u015fi veya Ki\u015fisel Veri Sahibi olarak ifade edilmi\u015ftir.<\/p><p style=\"font-weight: 400;\"><b><strong>A\u00e7\u0131k R\u0131za:<\/strong><\/b>\u00a0Belirli bir konuya ili\u015fkin, bilgilendirilmeye dayanan ve\u00a0\u00f6zg\u00fcr iradeyle a\u00e7\u0131klanan r\u0131za.<\/p><p style=\"font-weight: 400;\"><b><strong>Anonim Hale Getirme:<\/strong><\/b>\u00a0Ki\u015fisel verinin, ki\u015fisel veri niteli\u011fini kaybedecek ve bu durumun geri al\u0131namayaca\u011f\u0131 \u015fekilde de\u011fi\u015ftirilmesidir.\u00a0\u00d6rne\u011fin maskeleme, toplula\u015ft\u0131rma, veri bozma vb. tekniklerle ki\u015fisel verinin bir ger\u00e7ek ki\u015fi ile ili\u015fkilendirilemeyecek hale getirilmesi. Ki\u015fisel verilerin \u00e7e\u015fitli ama\u00e7larla ancak KVKK kapsam\u0131n\u0131 ve a\u00e7\u0131k r\u0131zay\u0131 ihlal etmeyecek \u015fekilde ilgili ki\u015finin talebi ve\/veya r\u0131zas\u0131na uygun olarak anonim hale getirilmesi m\u00fcmk\u00fcnd\u00fcr. Anonim hale getirilen ki\u015fisel verinin \u00e7e\u015fitli y\u00f6ntemler ile ki\u015fiyi belirlenebilir k\u0131lan bir hale getirilmemesi i\u00e7in muayenehanemiz i\u00e7erisinde gerekli \u00f6nlemler al\u0131nacakt\u0131r.<\/p><p style=\"font-weight: 400;\"><b><strong>\u0130\u015fbirli\u011fi \u0130<\/strong><\/b><b><strong>\u00e7erisinde Oldu\u011fumuz Kurumlar\u0131n \u00c7al\u0131\u015fanlar\u0131, Hissedarlar\u0131 ve Yetkilileri:\u00a0<\/strong><\/b>Her t\u00fcrl\u00fc i\u015f ili\u015fkisi i\u00e7erisinde bulundu\u011fumuz kurumlarda (i\u015f orta\u011f\u0131, tedarik\u00e7i gibi, ancak bunlarla s\u0131n\u0131rl\u0131 olmaks\u0131z\u0131n) \u00e7al\u0131\u015fan, bu kurumlar\u0131n hissedarlar\u0131 ve yetkilileri dahil olmak \u00fczere, ger\u00e7ek ki\u015fileri ifade eder.<\/p><p style=\"font-weight: 400;\"><b><strong>Ki\u015fisel Verilerin \u0130\u015flenmesi:\u00a0<\/strong><\/b>Ki\u015fisel verilerin tamamen veya k\u0131smen otomatik olan ya da herhangi bir veri kay\u0131t sisteminin par\u00e7as\u0131 olmak kayd\u0131yla otomatik olmayan yollarla elde edilmesi, kaydedilmesi, depolanmas\u0131, muhafaza edilmesi, de\u011fi\u015ftirilmesi, yeniden d\u00fczenlenmesi, a\u00e7\u0131klanmas\u0131, aktar\u0131lmas\u0131, devral\u0131nmas\u0131, elde edilebilir h\u00e2le getirilmesi, s\u0131n\u0131fland\u0131r\u0131lmas\u0131 ya da kullan\u0131lmas\u0131n\u0131n engellenmesi gibi veriler \u00fczerinde ger\u00e7ekle\u015ftirilen her t\u00fcrl\u00fc i\u015flemi ifade eder.<\/p><p style=\"font-weight: 400;\"><b><strong>Ki\u015fisel Veri<\/strong><\/b>:Kimli\u011fi belirli veya belirlenebilir ger\u00e7ek ki\u015fiye ili\u015fkin her t\u00fcrl\u00fc bilgiyi ifade eder. Ki\u015fiyi belirlenebilir k\u0131lan t\u00fcm bilgiler ki\u015fisel veri olarak d\u00fczenlenmi\u015f olup, TC Kimlik Numaras\u0131, Ad\u0131 Soyad\u0131, e-posta adresi, telefon numaras\u0131, ikametgah adresi, do\u011fum tarihi, banka hesap numaras\u0131 gibi bilgiler ki\u015fisel verilere \u00f6rnek olarak verilebilir.<\/p><p style=\"font-weight: 400;\"><b><strong>\u00d6zel Nitelikli Ki\u015fisel Veri:<\/strong><\/b>Irk, etnik k\u00f6ken, siyasi d\u00fc\u015f\u00fcnce, felsefi inan\u00e7, din, mezhep veya di\u011fer inan\u00e7lar, k\u0131l\u0131k k\u0131yafet, dernek vak\u0131f ya da sendika \u00fcyeli\u011fi, sa\u011fl\u0131k, cinsel hayat, ceza mahk\u00fbmiyeti ve g\u00fcvenlik tedbirleriyle ilgili veriler ile biyometrik ve genetik veriler \u00f6zel nitelikli verileri ifade eder.<\/p><p style=\"font-weight: 400;\"><b><strong>\u00dc\u00e7\u00fcnc\u00fc Ki\u015fi:\u00a0<\/strong><\/b>Yukar\u0131da bahsi ge\u00e7en taraflarla aras\u0131ndaki ticari i\u015flem g\u00fcvenli\u011fini sa\u011flamak veya bahsi ge\u00e7en ki\u015filerin haklar\u0131n\u0131 korumak ve menfaat temin etmek \u00fczere bu ki\u015filerle ili\u015fkili olan \u00fc\u00e7\u00fcnc\u00fc taraf ger\u00e7ek ki\u015fileri ifade eder. (\u00d6rne\u011fin hizmet al\u0131nan firma \u00e7al\u0131\u015fan veya yetkilileri, Refakat\u00e7i vb.)<\/p><p style=\"font-weight: 400;\"><b><strong>Veri \u0130\u015fleyen:<\/strong><\/b>Veri sorumlusunun verdi\u011fi yetkiye dayanarak onun ad\u0131na ki\u015fisel veri i\u015fleyen ger\u00e7ek ve t\u00fczel ki\u015fiyi ifade eder. \u00d6rne\u011fin Verilerimizi tutan bili\u015fim firmas\u0131.<\/p><p style=\"font-weight: 400;\"><b><strong>Veri Sorumlusu:\u00a0<\/strong><\/b>Ki\u015fisel verilerin i\u015flenme ama\u00e7lar\u0131n\u0131 ve vas\u0131talar\u0131n\u0131 belirleyen, verilerin sistematik bir \u015fekilde tutuldu\u011fu yeri (veri kay\u0131t sistemi) y\u00f6neten ki\u015fiyi ifade eder.<\/p><p style=\"font-weight: 400;\">KVKK kapsam\u0131nda\u00a0muayenehanemiz\u00a0veri sorumlusu s\u0131fat\u0131na haiz olup, VERB\u0130S sistemine kay\u0131t olmu\u015ftur. Muayenehanemizden bir ekip (Ki\u015fisel Veri Sorumlusu Ekibi) kurulmu\u015ftur. Karar al\u0131nmas\u0131n\u0131 gerektiren durumlarda Ki\u015fisel Veri Sorumlusu ekibi Ki\u015fisel veriler konusunda uzman bir Hukuk\u00e7u\/avukat g\u00f6r\u00fc\u015f\u00fc ald\u0131ktan sonra y\u00f6netimin onay\u0131na m\u00fcteakip al\u0131nan karar uygulamaya konulmaktad\u0131r.<\/p><p style=\"font-weight: 400;\">\u0130\u015flenen ki\u015fisel veriler verilen sa\u011fl\u0131k hizmetlerine ba\u011fl\u0131 olarak de\u011fi\u015febilmekle birlikte fiziki ve\/veya dijital y\u00f6ntemlerle toplanmaktad\u0131r. Hastalar\u0131m\u0131z, hekimlerimiz, sa\u011fl\u0131k personellerimiz, vb. \u00e7al\u0131\u015fanlar\u0131m\u0131z, ta\u015feron firmalar ve \u00e7al\u0131\u015fanlar\u0131 ve her t\u00fcrl\u00fc ticari faaliyetler i\u00e7ine girilen firmalar, \u00e7a\u011fr\u0131 merkezimiz, muayenehanemize ait internet sitesi, online hizmetler ve benzeri yollarla s\u00f6zl\u00fc, yaz\u0131l\u0131 ya da dijital olarak toplanan sa\u011fl\u0131k verileri ba\u015fta olmak \u00fczere \u00f6zel nitelikli ki\u015fisel veriler ve genel nitelikli ki\u015fisel veriler, a\u015fa\u011f\u0131da yer alan ve ileride do\u011fabilecek di\u011fer ama\u00e7larla i\u015flenmektedir:<\/p><ul><li style=\"font-weight: 400;\">T\u0131bb\u00ee te\u015fhis, tedavi ve bak\u0131m hizmetlerinin y\u00fcr\u00fct\u00fclmesi,<\/li><li style=\"font-weight: 400;\">Kamu sa\u011fl\u0131\u011f\u0131n\u0131n korunmas\u0131,<\/li><li style=\"font-weight: 400;\">Koruyucu hekimlik sa\u011fl\u0131k hizmetleri ile finansman\u0131n\u0131n planlanmas\u0131 ve y\u00f6netimi,<\/li><li style=\"font-weight: 400;\">Randevu hakk\u0131nda hastalar\u0131m\u0131z\u0131 haberdar edebilme<\/li><li style=\"font-weight: 400;\">\u0130\u00e7 prosed\u00fcrlerinin planlanmas\u0131 ve y\u00f6netilmesi,<\/li><li style=\"font-weight: 400;\">Sa\u011fl\u0131k hizmetlerinin mevzuata uygun olarak yerine getirilmesi geli\u015ftirme amac\u0131yla analiz yapma,<\/li><li style=\"font-weight: 400;\">Risk y\u00f6netimi ve kalite geli\u015ftirme aktivitelerinin yerine getirilmesi,<\/li><li style=\"font-weight: 400;\">Ara\u015ft\u0131rma yap\u0131lmas\u0131,<\/li><li style=\"font-weight: 400;\">Yasal ve d\u00fczenleyici gereksinimlerin yerine getirilmesi,<\/li><li style=\"font-weight: 400;\">Hizmetlerimiz kar\u015f\u0131l\u0131\u011f\u0131nda faturaland\u0131rma yap\u0131lmas\u0131,<\/li><li style=\"font-weight: 400;\">Kimli\u011finizin teyit edilmesi<\/li><li style=\"font-weight: 400;\">Anla\u015fmal\u0131 olan kurumlarla ili\u015fkinizin teyit edilmesi,<\/li><li style=\"font-weight: 400;\">Sa\u011fl\u0131k hizmetlerinin finansman\u0131 kapsam\u0131nda\u00a0\u00f6zel sigorta \u015firketleri taraf\u0131ndan talep edilen her t\u00fcrl\u00fc bilgilerin payla\u015f\u0131lmas\u0131,<\/li><li style=\"font-weight: 400;\">Sa\u011fl\u0131k hizmetlerimize ili\u015fkin her t\u00fcrl\u00fc soru ve \u015fik\u00e2yetlerinize cevap verilebilmesi,<\/li><li style=\"font-weight: 400;\">Veri g\u00fcvenli\u011fi kapsam\u0131nda t\u00fcm gerekli teknik ve idari tedbirleri alma,<\/li><li style=\"font-weight: 400;\">Anla\u015fmal\u0131 oldu\u011fumuz kurumlarla, bankalar ve sa\u011fl\u0131k harcamalar\u0131 tahsil edilen t\u00fcm kurulu\u015flar ile (kamu ve \u00f6zel) size sunulan sa\u011fl\u0131k hizmetlerine ili\u015fkin finansal mutabakat\u0131n sa\u011flanmas\u0131,<\/li><li style=\"font-weight: 400;\">\u0130lgili mevzuat uyar\u0131nca Sa\u011fl\u0131k Bakanl\u0131\u011f\u0131 ve di\u011fer kamu kurum ve kurulu\u015flar\u0131 ile talep edilen bilgilerin payla\u015f\u0131lmas\u0131,<\/li><li style=\"font-weight: 400;\">Hasta memnuniyetinin \u00f6l\u00e7\u00fclmesi, hasta memnuniyetinin artt\u0131r\u0131lmas\u0131,<\/li><li style=\"font-weight: 400;\">S\u00f6zle\u015fmeler ve yasal y\u00fck\u00fcml\u00fcl\u00fcklerimizi yerine getirebilmek, gibiama\u00e7lar\u0131n yerine getirilmesi i\u00e7in toplanabilir ve i\u015flenebilir.<\/li><\/ul><h6 style=\"font-weight: 400;\"><strong>\u0130\u015eLENEN K\u0130\u015e\u0130SEL VER\u0130LER\u0130N KATEGOR\u0130ZASYONU<\/strong><\/h6><p style=\"font-weight: 400;\"><b><strong>Kimlik Bilgisi:\u00a0<\/strong><\/b>Ehliyet, n\u00fcfus c\u00fczdan\u0131, pasaport, avukatl\u0131k kimli\u011fi, evlilik c\u00fczdan\u0131 gibi dok\u00fcmanlarda yer alan ki\u015finin kimli\u011fine dair t\u00fcm bilgiler<\/p><p style=\"font-weight: 400;\"><b><strong>\u0130leti\u015fim Bilgisi<\/strong><\/b>:Telefon numaras\u0131, adres, ikametg\u00e2h, e-mail gibi veri sahibiyle ileti\u015fim kurulmas\u0131na y\u00f6nelik bilgiler<\/p><p style=\"font-weight: 400;\"><b><strong>Lokasyon Verisi:<\/strong><\/b>Kimli\u011fi belirli veya belirlenebilir bir ger\u00e7ek ki\u015fiye ait oldu\u011fu a\u00e7\u0131k olan ve veri kay\u0131t sistemi i\u00e7erisinde yer alan, veri sahibinin konumunu tespit etmeye yarayan veriler<\/p><p style=\"font-weight: 400;\"><b><strong>Aile Bireyleri ve Yak\u0131n Bilgisi:<\/strong><\/b>\u00a0Kimli\u011fi belirli veya belirlenebilir bir ger\u00e7ek ki\u015fiye ait oldu\u011fu a\u00e7\u0131k olan ve veri kay\u0131t sistemi i\u00e7erisinde yer alan, ilgili Kurum ve veri sahibinin hukuki menfaatlerini korumak amac\u0131yla i\u015flenen ki\u015fisel veri sahibinin aile bireyleri ve yak\u0131nlar\u0131 hakk\u0131ndaki bilgiler<\/p><p style=\"font-weight: 400;\"><b><strong>Fiziksel Mekan:\u00a0<\/strong><\/b>Kamera kay\u0131tlar\u0131, parmak izi kay\u0131tlar\u0131 gibi kay\u0131tlar ve belgelere ili\u015fkin ki\u015fisel veriler,g\u00f6rsel ve i\u015fitsel kay\u0131tlar<\/p><p style=\"font-weight: 400;\"><b><strong>\u0130\u015flem G<\/strong><\/b><b><strong>\u00fcvenli\u011fi Bilgisi:<\/strong><\/b>Faaliyetlerimizi y\u00fcr\u00fct\u00fcrken teknik, idari, hukuki ve ticari g\u00fcvenli\u011fimizi sa\u011flamam\u0131z i\u00e7in i\u015flenen ki\u015fisel veriler<\/p><p style=\"font-weight: 400;\"><b><strong>Finansal Bilgi:\u00a0<\/strong><\/b>Her t\u00fcrl\u00fc finansal sonucu g\u00f6steren bilgi, belge ve kay\u0131tlara ili\u015fkin i\u015flenen ki\u015fisel veriler<\/p><p style=\"font-weight: 400;\"><b><strong>\u00c7al\u0131\u015fan Aday\u0131 Bilgisi<\/strong><\/b>:\u00c7al\u0131\u015fan\u0131 olmak i\u00e7in ba\u015fvuruda bulunmu\u015f bireylerle ilgili i\u015flenen ki\u015fisel veriler (cv veya \u00f6zge\u00e7mi\u015f bilgileri)<\/p><p style=\"font-weight: 400;\"><b><strong>\u00d6zl\u00fck Bilgisi:<\/strong><\/b>Bordro Bilgileri, Disiplin Soru\u015fturmas\u0131, SGK bilgileri, i\u015fe giri\u015f-\u00e7\u0131k\u0131\u015f belgesi kay\u0131tlar\u0131, mal bildirimi bilgileri, \u00f6zge\u00e7mi\u015f bilgileri, performans de\u011ferlendirme raporlar\u0131 ile ilgili bilgiler, m\u00fclakat sonu\u00e7lar\u0131,\u0130\u015f S\u00f6zle\u015fmesinin i\u00e7eri\u011fi, i\u015fe ba\u015flama bilgisi, i\u015fe son verme bilgisi ile ilgili ki\u015fisel veriler<\/p><p style=\"font-weight: 400;\"><b><strong>Hukuki \u0130\u015flem:<\/strong><\/b>Hukuki alacak ve haklar\u0131m\u0131z\u0131n tespiti, takibi ve bor\u00e7lar\u0131m\u0131z\u0131n ifas\u0131 ile kanuni y\u00fck\u00fcml\u00fcl\u00fcklerimiz kapsam\u0131nda i\u015flenen ki\u015fisel veriler<\/p><p style=\"font-weight: 400;\">Yukar\u0131daki ki\u015fisel veriler 3359 say\u0131l\u0131 Sa\u011fl\u0131k Hizmetleri Temel Kanunu, 663 say\u0131l\u0131 Sa\u011fl\u0131k Bakanl\u0131\u011f\u0131 ve Ba\u011fl\u0131 Kurulu\u015flar\u0131n\u0131n Te\u015fkilat ve G\u00f6revleri Hakk\u0131nda Kanun H\u00fckm\u00fcnde Kararname, \u00d6zel Hastaneler Y\u00f6netmeli\u011fi, Ki\u015fisel Sa\u011fl\u0131k Verileri Y\u00f6netmeli\u011fi ve Sa\u011fl\u0131k Bakanl\u0131\u011f\u0131 d\u00fczenlemeleri vb. mevzuat h\u00fck\u00fcmleri \u00e7er\u00e7evesinde i\u015flenebilecek, muayenehanemize ve\/veya tedarik\u00e7ilerimize ait fiziki ar\u015fivler ve bili\u015fim sistemlerine nakledilebilecektir.<\/p><p style=\"font-weight: 400;\">Muayenehanemiz ki\u015fisel verilerin a\u015fa\u011f\u0131daki ilkelere uygun olarak i\u015fleyece\u011fini kabul etmektedir:<\/p><ul><li style=\"font-weight: 400;\">Hukuka ve d\u00fcr\u00fcstl\u00fck kural\u0131na uygun olunmas\u0131,<br \/>\u2022Ki\u015fisel verilerin do\u011fru ve gerekti\u011finde g\u00fcncel olmas\u0131n\u0131 sa\u011flama,<br \/>\u2022Belirli, a\u00e7\u0131k ve me\u015fru ama\u00e7larla i\u015fleme,<br \/>\u2022\u0130\u015flendikleri ama\u00e7la ba\u011flant\u0131l\u0131, s\u0131n\u0131rl\u0131 ve \u00f6l\u00e7\u00fcl\u00fc olma,<br \/>\u2022\u0130lgili mevzuatta \u00f6ng\u00f6r\u00fclen veya i\u015flendikleri ama\u00e7 i\u00e7in gerekli olan s\u00fcre kadar muhafaza etme<\/li><\/ul><p style=\"font-weight: 400;\">Ki\u015fisel veri sahibinin a\u00e7\u0131k r\u0131za vermesi, ki\u015fisel verilerin hukuka uygun olarak i\u015flenmesine olanak tan\u0131yan hukuki dayanaklardan yaln\u0131zca bir tanesidir. A\u00e7\u0131k r\u0131za d\u0131\u015f\u0131nda, a\u015fa\u011f\u0131da yazan di\u011fer \u015fartlardan birinin varl\u0131\u011f\u0131 durumunda da ki\u015fisel veriler i\u015flenebilir. Ki\u015fisel veri i\u015fleme faaliyetinin dayana\u011f\u0131 a\u015fa\u011f\u0131da belirtilen \u015fartlardan yaln\u0131zca biri olabilece\u011fi gibi bu \u015fartlardan birden fazlas\u0131 da ayn\u0131 ki\u015fisel veri i\u015fleme faaliyetinin dayana\u011f\u0131 olabilir. \u0130\u015flenen verilerin \u00f6zel nitelikli ki\u015fisel veri olmas\u0131 halinde a\u015fa\u011f\u0131da yer alan \u015fartlar uygulan\u0131r:<\/p><ul><li style=\"font-weight: 400;\">Ki\u015fisel Veri Sahibinin A\u00e7\u0131k R\u0131zas\u0131n\u0131n Bulunmas\u0131,<\/li><li style=\"font-weight: 400;\">Kanunlarda A\u00e7\u0131k\u00e7a \u00d6ng\u00f6r\u00fclmesi,<\/li><li style=\"font-weight: 400;\">Fiili \u0130mk\u00e2ns\u0131zl\u0131k Sebebiyle \u0130lgilinin A\u00e7\u0131k R\u0131zas\u0131n\u0131n Al\u0131namamas\u0131<\/li><li style=\"font-weight: 400;\">S\u00f6zle\u015fmenin Kurulmas\u0131 veya \u0130fas\u0131yla Do\u011frudan \u0130lgi Olmas\u0131<\/li><li style=\"font-weight: 400;\">Muayenehanenin Hukuki Y\u00fck\u00fcml\u00fcl\u00fc\u011f\u00fcn\u00fc Yerine Getirmesi:<\/li><li style=\"font-weight: 400;\">Ki\u015fisel Veri Sahibinin Ki\u015fisel Verisini Alenile\u015ftirmesi:<\/li><li style=\"font-weight: 400;\">Bir Hakk\u0131n Tesisi veya Korunmas\u0131 i\u00e7in Veri \u0130\u015flemenin Zorunlu Olmas\u0131:<\/li><li style=\"font-weight: 400;\">Muayenehanemizin Me\u015fru Menfaati i\u00e7in Veri \u0130\u015flemenin Zorunlu Olmas\u0131, (Muayenehanenin me\u015fru menfaatleri ifadesi hi\u00e7bir surette KVKK ile belirlenen ilkelere, ki\u015fisel verinin i\u015flenme amac\u0131na ayk\u0131r\u0131 olamaz ve Anayasa ile g\u00fcvence alt\u0131na al\u0131nm\u0131\u015f olan hakk\u0131n \u00f6z\u00fcne m\u00fcdahale niteli\u011finde olamaz.)<\/li><\/ul><p style=\"font-weight: 400;\">Muayenehanemiz taraf\u0131ndan\u00a0\u00f6zel nitelikli ki\u015fisel veriler,\u00a0 Ki\u015fisel Verileri Koruma Kurulu taraf\u0131ndan belirlenecek olan yeterli \u00f6nlemlerin al\u0131nmas\u0131 kayd\u0131yla a\u015fa\u011f\u0131daki durumlarda i\u015flenmektedir:<\/p><ul><li style=\"font-weight: 400;\">Ki\u015fisel veri sahibinin a\u00e7\u0131k r\u0131zas\u0131 var ise veya,<\/li><li style=\"font-weight: 400;\">Ki\u015fisel veri sahibinin a\u00e7\u0131k r\u0131zas\u0131 yok ise; ki\u015fisel veri sahibinin sa\u011fl\u0131\u011f\u0131 ve cinsel hayat\u0131 d\u0131\u015f\u0131ndaki \u00f6zel nitelikli ki\u015fisel veriler, kanunlarda \u00f6ng\u00f6r\u00fclen hallerde,<\/li><li style=\"font-weight: 400;\">Ki\u015fisel veri sahibinin sa\u011fl\u0131\u011f\u0131na ve cinsel hayat\u0131na ili\u015fkin\u00a0\u00f6zel nitelikli ki\u015fisel verileri ise ancak kamu sa\u011fl\u0131\u011f\u0131n\u0131n korunmas\u0131, koruyucu hekimlik, t\u0131bbi te\u015fhis, tedavi ve bak\u0131m hizmetlerinin y\u00fcr\u00fct\u00fclmesi, sa\u011fl\u0131k hizmetleri ile finansman\u0131n\u0131n planlanmas\u0131 ve y\u00f6netimi amac\u0131yla, s\u0131r saklama y\u00fck\u00fcml\u00fcl\u00fc\u011f\u00fc alt\u0131nda bulunan ki\u015filer veya yetkili kurum ve kurulu\u015flar taraf\u0131ndan i\u015flenmektedir.<\/li><\/ul><h6 style=\"font-weight: 400;\"><b><strong>TEKN\u0130K VE \u0130DAR\u0130 TEDB\u0130RLER<\/strong><\/b><\/h6><p style=\"font-weight: 400;\">Muayenehanemiz KVKK\u2019 n\u0131n 12\u2019nci maddesi ve Y\u00f6netmelik h\u00fck\u00fcmleri, yukar\u0131da belirtilen genel ilkeler ile i\u015fbu Politika ve Ki\u015fisel Verileri Koruma Kurulu kararlar\u0131 uyar\u0131nca a\u015fa\u011f\u0131da belirtilen hususlar ile ilgili teknolojik imk\u00e2nlar ve uygulama maliyetine g\u00f6re gerekli teknik ve idari tedbirleri almaktad\u0131r:<\/p><ul><li style=\"font-weight: 400;\">Gerekli yaz\u0131l\u0131m ve donan\u0131m belirlenmi\u015ftir. Bilgisayarlarda ve e-posta hesaplar\u0131nda g\u00fc\u00e7l\u00fc \u015fifreler kullan\u0131lmaktad\u0131r.<\/li><li style=\"font-weight: 400;\">M\u00fc\u015fteri bilgisinin korunmas\u0131 a\u00e7\u0131s\u0131ndan korunmas\u0131 gerekenler personelimize e\u011fitimlerle aktar\u0131lm\u0131\u015f, i\u015f akitleriyle sorumluluklar\u0131 yaz\u0131l\u0131 hale getirilmi\u015ftir. (Gizlilik S\u00f6zle\u015fmeleri) Bu y\u00fck\u00fcml\u00fcl\u00fck, ilgili ki\u015filerin g\u00f6revden ayr\u0131lmalar\u0131ndan sonra da devam etmektedir.<\/li><li style=\"font-weight: 400;\">T\u00fcm verilen yedeklemesi amac\u0131yla gerekli alt yap\u0131 olu\u015fturulmu\u015ftur.<\/li><li style=\"font-weight: 400;\">Bilgisayarlarda verilere ula\u015fabilecek\u00a0\u00e7al\u0131\u015fanlar belirlenmi\u015ftir.<\/li><li style=\"font-weight: 400;\">M\u00fc\u015fteri dosyalar\u0131 ve bilgileri sadece ilgililerin kendilerine, yaz\u0131l\u0131 onay verdikleri yak\u0131nlar\u0131na, mevzuat\u0131\u00a0\u00e7er\u00e7evesinde ilgili kamu kurum ve kurulu\u015flar\u0131na ve adli durumlarda yetkili adli mercilere verilmektedir.<\/li><li style=\"font-weight: 400;\">Ki\u015fisel veri i\u015flemeye ba\u015flamadan\u00a0\u00f6nce Kurum taraf\u0131ndan, ilgili ki\u015fileri ayd\u0131nlatma y\u00fck\u00fcml\u00fcl\u00fc\u011f\u00fc yerine getirilmektedir.<\/li><li style=\"font-weight: 400;\">Ki\u015fisel veri i\u015fleme envanteri haz\u0131rlanm\u0131\u015ft\u0131r.<\/li><li style=\"font-weight: 400;\">Muayenehanemiz nezdinde as\u0131lan ya da di\u011fer \u015fekillerde misafirlerin eri\u015fimine sunulan metinler arac\u0131l\u0131\u011f\u0131yla s\u00f6z konusu ki\u015fisel veri sahipleri bu hususlarda ayd\u0131nlat\u0131lmaktad\u0131r.<\/li><\/ul>\t\t\t\t\t\t<\/div>\n\t\t\t\t<\/div>\n\t\t\t\t\t<\/div>\n\t\t<\/div>\n\t\t\t\t\t<\/div>\n\t\t<\/section>\n\t\t\t\t<\/div>\n\t\t","protected":false},"excerpt":{"rendered":"<p>Anasayfa Ki\u015fisel Veri \u0130\u015fleme Politikas\u0131 Ki\u015fisel Verilerin Korunmas\u0131 ve \u0130\u015flenmesi Politikas\u0131 Veri sorumlusu\u00a0Dr. Merdan \u00c7elik\u00a0Muayenehanesi,\u00a0belirlenen \u00fcst\u00fcn hizmet kalitesi, bireylerin haklar\u0131na sayg\u0131, \u015feffafl\u0131k ve d\u00fcr\u00fcstl\u00fck ilkeleri \u00e7er\u00e7evesinde, Ki\u015fisel Verileri Koruma Kanunu ile belirlenen d\u00fczenlemeler do\u011frultusunda\u00a0m\u00fc\u015fterileri, \u00e7al\u0131\u015fanlar\u0131 ve ili\u015fki i\u00e7inde oldu\u011fu di\u011fer ger\u00e7ek ki\u015filere ait ki\u015fisel verilerin korunmas\u0131 b\u00fcy\u00fck \u00f6nem arz etmektedir. Hasta mahremiyetine ve hastalar\u0131m\u0131za ait [&hellip;]<\/p>\n","protected":false},"author":1,"featured_media":0,"parent":0,"menu_order":0,"comment_status":"closed","ping_status":"closed","template":"","meta":{"om_disable_all_campaigns":false,"_monsterinsights_skip_tracking":false,"_monsterinsights_sitenote_active":false,"_monsterinsights_sitenote_note":"","_monsterinsights_sitenote_category":0,"footnotes":""},"class_list":["post-8967","page","type-page","status-publish","hentry"],"_links":{"self":[{"href":"https:\/\/drmerdancelik.de\/tr\/wp-json\/wp\/v2\/pages\/8967","targetHints":{"allow":["GET"]}}],"collection":[{"href":"https:\/\/drmerdancelik.de\/tr\/wp-json\/wp\/v2\/pages"}],"about":[{"href":"https:\/\/drmerdancelik.de\/tr\/wp-json\/wp\/v2\/types\/page"}],"author":[{"embeddable":true,"href":"https:\/\/drmerdancelik.de\/tr\/wp-json\/wp\/v2\/users\/1"}],"replies":[{"embeddable":true,"href":"https:\/\/drmerdancelik.de\/tr\/wp-json\/wp\/v2\/comments?post=8967"}],"version-history":[{"count":7,"href":"https:\/\/drmerdancelik.de\/tr\/wp-json\/wp\/v2\/pages\/8967\/revisions"}],"predecessor-version":[{"id":8979,"href":"https:\/\/drmerdancelik.de\/tr\/wp-json\/wp\/v2\/pages\/8967\/revisions\/8979"}],"wp:attachment":[{"href":"https:\/\/drmerdancelik.de\/tr\/wp-json\/wp\/v2\/media?parent=8967"}],"curies":[{"name":"wp","href":"https:\/\/api.w.org\/{rel}","templated":true}]}}