{"id":8190,"date":"2024-11-26T12:42:45","date_gmt":"2024-11-26T09:42:45","guid":{"rendered":"https:\/\/drmerdancelik.de\/tr\/?page_id=8190"},"modified":"2024-12-02T10:22:14","modified_gmt":"2024-12-02T07:22:14","slug":"genclik-asilari","status":"publish","type":"page","link":"https:\/\/drmerdancelik.de\/tr\/medikal-estetik\/genclik-asilari\/","title":{"rendered":"Gen\u00e7lik A\u015f\u0131lar\u0131"},"content":{"rendered":"\t\t<div data-elementor-type=\"wp-page\" data-elementor-id=\"8190\" class=\"elementor elementor-8190\" data-elementor-post-type=\"page\">\n\t\t\t\t\t\t<section class=\"elementor-section elementor-top-section elementor-element elementor-element-69b3141 elementor-section-boxed elementor-section-height-default elementor-section-height-default\" data-id=\"69b3141\" data-element_type=\"section\">\n\t\t\t\t\t\t<div class=\"elementor-container elementor-column-gap-default\">\n\t\t\t\t\t<div class=\"elementor-column elementor-col-50 elementor-top-column elementor-element elementor-element-2490b2d\" data-id=\"2490b2d\" data-element_type=\"column\">\n\t\t\t<div class=\"elementor-widget-wrap elementor-element-populated\">\n\t\t\t\t\t\t<div class=\"elementor-element elementor-element-eb1ecb5 elementor-widget__width-auto elementor-widget elementor-widget-ld_breadcrumb\" data-id=\"eb1ecb5\" data-element_type=\"widget\" data-widget_type=\"ld_breadcrumb.default\">\n\t\t\t\t<div class=\"elementor-widget-container\">\n\t\t\t<div class=\"lqd-breadcrumb-wrapper\"><nav role=\"navigation\" aria-label=\"Breadcrumbs\" class=\"breadcrumbs\"><ol class=\"breadcrumb reset-ul inline-nav inline-ul comma-sep-li\"><li class=\"breadcrumb-item active\"><a href=\"https:\/\/drmerdancelik.de\/tr\" rel=\"home\"><span>Anasayfa<\/span><\/a><\/li><\/ol><\/nav><\/div>\t\t<\/div>\n\t\t\t\t<\/div>\n\t\t\t\t<div class=\"elementor-element elementor-element-43a1374 elementor-widget elementor-widget-heading\" data-id=\"43a1374\" data-element_type=\"widget\" data-widget_type=\"heading.default\">\n\t\t\t\t<div class=\"elementor-widget-container\">\n\t\t\t<h1 class=\"elementor-heading-title elementor-size-default\">Gen\u00e7lik A\u015f\u0131lar\u0131<\/h1>\t\t<\/div>\n\t\t\t\t<\/div>\n\t\t\t\t<div class=\"elementor-element elementor-element-3f9748e elementor-widget elementor-widget-spacer\" data-id=\"3f9748e\" data-element_type=\"widget\" data-widget_type=\"spacer.default\">\n\t\t\t\t<div class=\"elementor-widget-container\">\n\t\t\t\t\t<div class=\"elementor-spacer\">\n\t\t\t<div class=\"elementor-spacer-inner\"><\/div>\n\t\t<\/div>\n\t\t\t\t<\/div>\n\t\t\t\t<\/div>\n\t\t\t\t<div class=\"elementor-element elementor-element-18ffa64 elementor-widget elementor-widget-hub_fancy_heading\" data-id=\"18ffa64\" data-element_type=\"widget\" data-widget_type=\"hub_fancy_heading.default\">\n\t\t\t\t<div class=\"elementor-widget-container\">\n\t\t\t\n\t\t<div id=\"ld-fancy-heading-69e3934c10534\" class=\"ld-fancy-heading pos-rel\">\n\t\t\t<p class=\"ld-fh-element d-inline-block pos-rel  p\"  > Gen\u00e7lik a\u015f\u0131lar\u0131, ciltteki ya\u015flanma belirtilerini azaltmak ve cildin daha gen\u00e7, canl\u0131 bir g\u00f6r\u00fcn\u00fcm kazanmas\u0131n\u0131 sa\u011flamak amac\u0131yla yap\u0131lan bir tedavi y\u00f6ntemidir.<\/p>\t\t<\/div>\n\n\t\t\t\t<\/div>\n\t\t\t\t<\/div>\n\t\t\t\t\t<\/div>\n\t\t<\/div>\n\t\t\t\t<div class=\"elementor-column elementor-col-50 elementor-top-column elementor-element elementor-element-be3c557\" data-id=\"be3c557\" data-element_type=\"column\">\n\t\t\t<div class=\"elementor-widget-wrap elementor-element-populated\">\n\t\t\t\t\t\t<div class=\"elementor-element elementor-element-7479759 elementor-toc--minimized-on-tablet elementor-widget elementor-widget-table-of-contents\" data-id=\"7479759\" data-element_type=\"widget\" data-settings=\"{&quot;headings_by_tags&quot;:[&quot;h2&quot;],&quot;exclude_headings_by_selector&quot;:[],&quot;no_headings_message&quot;:&quot;No headings were found on this page.&quot;,&quot;collapse_subitems&quot;:&quot;yes&quot;,&quot;marker_view&quot;:&quot;bullets&quot;,&quot;icon&quot;:{&quot;value&quot;:&quot;fas fa-circle&quot;,&quot;library&quot;:&quot;fa-solid&quot;,&quot;rendered_tag&quot;:&quot;&lt;svg class=\\&quot;e-font-icon-svg e-fas-circle\\&quot; viewBox=\\&quot;0 0 512 512\\&quot; xmlns=\\&quot;http:\\\/\\\/www.w3.org\\\/2000\\\/svg\\&quot;&gt;&lt;path d=\\&quot;M256 8C119 8 8 119 8 256s111 248 248 248 248-111 248-248S393 8 256 8z\\&quot;&gt;&lt;\\\/path&gt;&lt;\\\/svg&gt;&quot;},&quot;minimize_box&quot;:&quot;yes&quot;,&quot;minimized_on&quot;:&quot;tablet&quot;,&quot;hierarchical_view&quot;:&quot;yes&quot;,&quot;min_height&quot;:{&quot;unit&quot;:&quot;px&quot;,&quot;size&quot;:&quot;&quot;,&quot;sizes&quot;:[]},&quot;min_height_tablet&quot;:{&quot;unit&quot;:&quot;px&quot;,&quot;size&quot;:&quot;&quot;,&quot;sizes&quot;:[]},&quot;min_height_mobile&quot;:{&quot;unit&quot;:&quot;px&quot;,&quot;size&quot;:&quot;&quot;,&quot;sizes&quot;:[]}}\" data-widget_type=\"table-of-contents.default\">\n\t\t\t\t<div class=\"elementor-widget-container\">\n\t\t\t\t\t<div class=\"elementor-toc__header\">\n\t\t\t<h5 class=\"elementor-toc__header-title\">\n\t\t\t\tTedavi \u0130\u00e7eri\u011fi\t\t\t<\/h5>\n\t\t\t\t\t\t\t<div class=\"elementor-toc__toggle-button elementor-toc__toggle-button--expand\" role=\"button\" tabindex=\"0\" aria-controls=\"elementor-toc__7479759\" aria-expanded=\"true\" aria-label=\"Open table of contents\"><svg aria-hidden=\"true\" class=\"e-font-icon-svg e-fas-chevron-down\" viewBox=\"0 0 448 512\" xmlns=\"http:\/\/www.w3.org\/2000\/svg\"><path d=\"M207.029 381.476L12.686 187.132c-9.373-9.373-9.373-24.569 0-33.941l22.667-22.667c9.357-9.357 24.522-9.375 33.901-.04L224 284.505l154.745-154.021c9.379-9.335 24.544-9.317 33.901.04l22.667 22.667c9.373 9.373 9.373 24.569 0 33.941L240.971 381.476c-9.373 9.372-24.569 9.372-33.942 0z\"><\/path><\/svg><\/div>\n\t\t\t\t<div class=\"elementor-toc__toggle-button elementor-toc__toggle-button--collapse\" role=\"button\" tabindex=\"0\" aria-controls=\"elementor-toc__7479759\" aria-expanded=\"true\" aria-label=\"Close table of contents\"><svg aria-hidden=\"true\" class=\"e-font-icon-svg e-fas-chevron-up\" viewBox=\"0 0 448 512\" xmlns=\"http:\/\/www.w3.org\/2000\/svg\"><path d=\"M240.971 130.524l194.343 194.343c9.373 9.373 9.373 24.569 0 33.941l-22.667 22.667c-9.357 9.357-24.522 9.375-33.901.04L224 227.495 69.255 381.516c-9.379 9.335-24.544 9.317-33.901-.04l-22.667-22.667c-9.373-9.373-9.373-24.569 0-33.941L207.03 130.525c9.372-9.373 24.568-9.373 33.941-.001z\"><\/path><\/svg><\/div>\n\t\t\t\t\t<\/div>\n\t\t<div id=\"elementor-toc__7479759\" class=\"elementor-toc__body elementor-toc__list-items--collapsible\">\n\t\t\t<div class=\"elementor-toc__spinner-container\">\n\t\t\t\t<svg class=\"elementor-toc__spinner eicon-animation-spin e-font-icon-svg e-eicon-loading\" aria-hidden=\"true\" viewBox=\"0 0 1000 1000\" xmlns=\"http:\/\/www.w3.org\/2000\/svg\"><path d=\"M500 975V858C696 858 858 696 858 500S696 142 500 142 142 304 142 500H25C25 237 238 25 500 25S975 237 975 500 763 975 500 975Z\"><\/path><\/svg>\t\t\t<\/div>\n\t\t<\/div>\n\t\t\t\t<\/div>\n\t\t\t\t<\/div>\n\t\t\t\t\t<\/div>\n\t\t<\/div>\n\t\t\t\t\t<\/div>\n\t\t<\/section>\n\t\t<div class=\"elementor-element elementor-element-5545221 e-con-full e-flex e-con e-parent\" data-id=\"5545221\" data-element_type=\"container\">\n\t\t\t\t<div class=\"elementor-element elementor-element-049af71 elementor-widget elementor-widget-image\" data-id=\"049af71\" data-element_type=\"widget\" data-widget_type=\"image.default\">\n\t\t\t\t<div class=\"elementor-widget-container\">\n\t\t\t\t\t\t\t\t\t\t\t\t\t<img fetchpriority=\"high\" decoding=\"async\" width=\"1903\" height=\"400\" src=\"data:image\/svg+xml;charset=utf-8,%3Csvg xmlns%3D&#039;http%3A%2F%2Fwww.w3.org%2F2000%2Fsvg&#039; viewBox%3D&#039;0 0  &#039;%2F%3E\" class=\"attachment-full size-full wp-image-8193 ld-lazyload\" alt=\"\" data-src=\"https:\/\/drmerdancelik.de\/tr\/wp-content\/uploads\/2024\/11\/genclik-asilari-1.jpg\" data-srcset=\"https:\/\/drmerdancelik.de\/tr\/wp-content\/uploads\/2024\/11\/genclik-asilari-1.jpg 1903w, https:\/\/drmerdancelik.de\/tr\/wp-content\/uploads\/2024\/11\/genclik-asilari-1-300x63.jpg 300w, https:\/\/drmerdancelik.de\/tr\/wp-content\/uploads\/2024\/11\/genclik-asilari-1-1024x215.jpg 1024w, https:\/\/drmerdancelik.de\/tr\/wp-content\/uploads\/2024\/11\/genclik-asilari-1-1536x323.jpg 1536w\" data-sizes=\"(max-width: 1903px) 100vw, 1903px\" data-aspect=\"\" \/>\t\t\t\t\t\t\t\t\t\t\t\t\t<\/div>\n\t\t\t\t<\/div>\n\t\t\t\t<\/div>\n\t\t\t\t<section class=\"elementor-section elementor-top-section elementor-element elementor-element-c9b3ad5 elementor-section-boxed elementor-section-height-default elementor-section-height-default\" data-id=\"c9b3ad5\" data-element_type=\"section\">\n\t\t\t\t\t\t<div class=\"elementor-container elementor-column-gap-default\">\n\t\t\t\t\t<div class=\"elementor-column elementor-col-50 elementor-top-column elementor-element elementor-element-a31e693\" data-id=\"a31e693\" data-element_type=\"column\">\n\t\t\t<div class=\"elementor-widget-wrap elementor-element-populated\">\n\t\t\t\t\t\t<div class=\"elementor-element elementor-element-aa76194 elementor-widget elementor-widget-hub_fancy_heading\" data-id=\"aa76194\" data-element_type=\"widget\" data-widget_type=\"hub_fancy_heading.default\">\n\t\t\t\t<div class=\"elementor-widget-container\">\n\t\t\t\n\t\t<div id=\"ld-fancy-heading-69e3934c10d0a\" class=\"ld-fancy-heading pos-rel\">\n\t\t\t<h2 class=\"ld-fh-element d-inline-block pos-rel  elementor-heading-title lqd-highlight-classic lqd-highlight-grow-left h2\"  > Gen\u00e7lik A\u015f\u0131lar\u0131 Nas\u0131l Yap\u0131l\u0131r?<\/h2>\t\t<\/div>\n\n\t\t\t\t<\/div>\n\t\t\t\t<\/div>\n\t\t\t\t<div class=\"elementor-element elementor-element-a0092b1 elementor-widget elementor-widget-spacer\" data-id=\"a0092b1\" data-element_type=\"widget\" data-widget_type=\"spacer.default\">\n\t\t\t\t<div class=\"elementor-widget-container\">\n\t\t\t\t\t<div class=\"elementor-spacer\">\n\t\t\t<div class=\"elementor-spacer-inner\"><\/div>\n\t\t<\/div>\n\t\t\t\t<\/div>\n\t\t\t\t<\/div>\n\t\t\t\t<div class=\"elementor-element elementor-element-5edb9ff elementor-widget elementor-widget-text-editor\" data-id=\"5edb9ff\" data-element_type=\"widget\" data-widget_type=\"text-editor.default\">\n\t\t\t\t<div class=\"elementor-widget-container\">\n\t\t\t\t\t\t\t<p>Gen\u00e7lik a\u015f\u0131lar\u0131 i\u015flemi, genellikle lokal anestezik krem uygulanarak, minimal invaziv bir \u015fekilde ger\u00e7ekle\u015ftirilir. Cilt alt\u0131na hyal\u00fcronik asit, vitaminler ve mineraller gibi besleyici maddeler, ince u\u00e7lu i\u011fnelerle enjekte edilir. \u0130\u015flem genellikle 15-30 dakika s\u00fcrer ve herhangi bir hastanede yat\u0131\u015f gerektirmez. Enjeksiyonlar sonras\u0131nda ki\u015fi normal hayat\u0131na devam edebilir.<\/p>\t\t\t\t\t\t<\/div>\n\t\t\t\t<\/div>\n\t\t\t\t<div class=\"elementor-element elementor-element-8f5bee6 elementor-widget elementor-widget-spacer\" data-id=\"8f5bee6\" data-element_type=\"widget\" data-widget_type=\"spacer.default\">\n\t\t\t\t<div class=\"elementor-widget-container\">\n\t\t\t\t\t<div class=\"elementor-spacer\">\n\t\t\t<div class=\"elementor-spacer-inner\"><\/div>\n\t\t<\/div>\n\t\t\t\t<\/div>\n\t\t\t\t<\/div>\n\t\t\t\t<div class=\"elementor-element elementor-element-c0fc0fd elementor-widget elementor-widget-video\" data-id=\"c0fc0fd\" data-element_type=\"widget\" data-settings=\"{&quot;youtube_url&quot;:&quot;https:\\\/\\\/youtu.be\\\/VI95A-dPokc?si=HZgVrRFM68TH5nDr&quot;,&quot;video_type&quot;:&quot;youtube&quot;,&quot;controls&quot;:&quot;yes&quot;}\" data-widget_type=\"video.default\">\n\t\t\t\t<div class=\"elementor-widget-container\">\n\t\t\t\t\t<div class=\"elementor-wrapper elementor-open-inline\">\n\t\t\t<div class=\"elementor-video\"><\/div>\t\t<\/div>\n\t\t\t\t<\/div>\n\t\t\t\t<\/div>\n\t\t\t\t<div class=\"elementor-element elementor-element-c3f57f6 elementor-widget elementor-widget-spacer\" data-id=\"c3f57f6\" data-element_type=\"widget\" data-widget_type=\"spacer.default\">\n\t\t\t\t<div class=\"elementor-widget-container\">\n\t\t\t\t\t<div class=\"elementor-spacer\">\n\t\t\t<div class=\"elementor-spacer-inner\"><\/div>\n\t\t<\/div>\n\t\t\t\t<\/div>\n\t\t\t\t<\/div>\n\t\t\t\t<div class=\"elementor-element elementor-element-862b3ce elementor-widget elementor-widget-hub_fancy_heading\" data-id=\"862b3ce\" data-element_type=\"widget\" data-widget_type=\"hub_fancy_heading.default\">\n\t\t\t\t<div class=\"elementor-widget-container\">\n\t\t\t\n\t\t<div id=\"ld-fancy-heading-69e3934c114d8\" class=\"ld-fancy-heading pos-rel\">\n\t\t\t<h2 class=\"ld-fh-element d-inline-block pos-rel  elementor-heading-title lqd-highlight-classic lqd-highlight-grow-left h2\"  > Gen\u00e7lik A\u015f\u0131lar\u0131n\u0131n Avantajlar\u0131 Nelerdir?<\/h2>\t\t<\/div>\n\n\t\t\t\t<\/div>\n\t\t\t\t<\/div>\n\t\t\t\t<div class=\"elementor-element elementor-element-cfecd63 elementor-widget elementor-widget-spacer\" data-id=\"cfecd63\" data-element_type=\"widget\" data-widget_type=\"spacer.default\">\n\t\t\t\t<div class=\"elementor-widget-container\">\n\t\t\t\t\t<div class=\"elementor-spacer\">\n\t\t\t<div class=\"elementor-spacer-inner\"><\/div>\n\t\t<\/div>\n\t\t\t\t<\/div>\n\t\t\t\t<\/div>\n\t\t\t\t<div class=\"elementor-element elementor-element-e9f097d elementor-widget elementor-widget-text-editor\" data-id=\"e9f097d\" data-element_type=\"widget\" data-widget_type=\"text-editor.default\">\n\t\t\t\t<div class=\"elementor-widget-container\">\n\t\t\t\t\t\t\t<p>Gen\u00e7lik a\u015f\u0131lar\u0131, cildin nem seviyesini art\u0131r\u0131r, cildi besler ve cilt tonunu dengeler. Ayr\u0131ca k\u0131r\u0131\u015f\u0131kl\u0131klar\u0131 ve ince \u00e7izgileri azaltarak cildin daha gen\u00e7 ve sa\u011fl\u0131kl\u0131 g\u00f6r\u00fcnmesini sa\u011flar. Ciltteki elastikiyet kayb\u0131n\u0131 geri kazand\u0131r\u0131r ve genel cilt yap\u0131s\u0131n\u0131 iyile\u015ftirir. Cerrahi m\u00fcdahale gerektirmeyen bu tedavi, minimal invaziv bir \u00e7\u00f6z\u00fcm arayanlar i\u00e7in ideal bir se\u00e7enektir.<\/p>\t\t\t\t\t\t<\/div>\n\t\t\t\t<\/div>\n\t\t\t\t<div class=\"elementor-element elementor-element-8b0fe1b elementor-widget elementor-widget-spacer\" data-id=\"8b0fe1b\" data-element_type=\"widget\" data-widget_type=\"spacer.default\">\n\t\t\t\t<div class=\"elementor-widget-container\">\n\t\t\t\t\t<div class=\"elementor-spacer\">\n\t\t\t<div class=\"elementor-spacer-inner\"><\/div>\n\t\t<\/div>\n\t\t\t\t<\/div>\n\t\t\t\t<\/div>\n\t\t\t\t<div class=\"elementor-element elementor-element-433ec59 elementor-widget elementor-widget-hub_fancy_heading\" data-id=\"433ec59\" data-element_type=\"widget\" data-widget_type=\"hub_fancy_heading.default\">\n\t\t\t\t<div class=\"elementor-widget-container\">\n\t\t\t\n\t\t<div id=\"ld-fancy-heading-69e3934c11c1f\" class=\"ld-fancy-heading pos-rel\">\n\t\t\t<h2 class=\"ld-fh-element d-inline-block pos-rel  elementor-heading-title lqd-highlight-classic lqd-highlight-grow-left h2\"  > S\u0131k Sorulan Sorular<\/h2>\t\t<\/div>\n\n\t\t\t\t<\/div>\n\t\t\t\t<\/div>\n\t\t\t\t<div class=\"elementor-element elementor-element-5e203ae elementor-widget elementor-widget-spacer\" data-id=\"5e203ae\" data-element_type=\"widget\" data-widget_type=\"spacer.default\">\n\t\t\t\t<div class=\"elementor-widget-container\">\n\t\t\t\t\t<div class=\"elementor-spacer\">\n\t\t\t<div class=\"elementor-spacer-inner\"><\/div>\n\t\t<\/div>\n\t\t\t\t<\/div>\n\t\t\t\t<\/div>\n\t\t\t\t<div class=\"elementor-element elementor-element-f936414 elementor-widget elementor-widget-ld_accordion\" data-id=\"f936414\" data-element_type=\"widget\" data-widget_type=\"ld_accordion.default\">\n\t\t\t\t<div class=\"elementor-widget-container\">\n\t\t\t\n\t\t<div class=\"accordion accordion-sm\" id=\"accordion-69e3934c20d0e\" role=\"tablist\" aria-multiselectable=\"true\">\n\t\t\t\t\t\t\t\t\t\t\t\t<div class=\"accordion-item panel  active\">\n\n\t\t\t\t<div class=\"accordion-heading\" role=\"tab\" id=\"heading-2611\">\n\t\t\t\t<h4 class=\"accordion-title  tabindex=\"-1\">\t\t\t\t\t<a class=\"\" role=\"button\" data-toggle=\"collapse\" data-bs-toggle=\"collapse\"\n                    tabindex=\"0\"\n\t\t\t\t\tdata-parent=\"#accordion-69e3934c20d0e\" data-bs-parent=\"#accordion-69e3934c20d0e\" href=\"#collapse-2611\" data-target=\"#collapse-2611\" data-bs-target=\"#collapse-2611\"\n\t\t\t\t\taria-expanded=\"true\" aria-controls=\"collapse-2611\">\n\t\t\t\t\t\t\t\t\t\t\t\t<span class=\"accordion-title-txt\">Gen\u00e7lik a\u015f\u0131lar\u0131 a\u011fr\u0131l\u0131 m\u0131d\u0131r?<\/span>\n\t\t\t\t\t\t\t\t\t\t\t\t\t<span class=\"accordion-expander\"><i class=\"fa fa-chevron-down\"><\/i><i class=\"fa fa-chevron-up\"><\/i><\/span>\t\t\t\t\t\t\t\t\t\t\t<\/a>\n\t\t\t\t<\/h4>\t\t\t\t<\/div>\n\n\t\t\t\t<div id=\"collapse-2611\" class=\"accordion-collapse collapse  show\" data-bs-parent=\"#accordion-69e3934c20d0e\" role=\"tabpanel\" aria-labelledby=\"heading-2611\">\n\n\t\t\t\t<div class=\"accordion-content\">\n\t\t\t\t\t<p>\u0130\u015flem s\u0131ras\u0131nda genellikle a\u011fr\u0131 hissedilmez. Anestezik krem uyguland\u0131\u011f\u0131 i\u00e7in i\u015flem olduk\u00e7a konforludur.<\/p>\t\t\t\t<\/div>\n\n\t\t\t\t<\/div>\n\n\t\t\t<\/div>\n\t\t\t\t\t\t\t\t\t<div class=\"accordion-item panel \">\n\n\t\t\t\t<div class=\"accordion-heading\" role=\"tab\" id=\"heading-2612\">\n\t\t\t\t<h4 class=\"accordion-title  tabindex=\"-1\">\t\t\t\t\t<a class=\"collapsed\" role=\"button\" data-toggle=\"collapse\" data-bs-toggle=\"collapse\"\n                    tabindex=\"0\"\n\t\t\t\t\tdata-parent=\"#accordion-69e3934c20d0e\" data-bs-parent=\"#accordion-69e3934c20d0e\" href=\"#collapse-2612\" data-target=\"#collapse-2612\" data-bs-target=\"#collapse-2612\"\n\t\t\t\t\taria-expanded=\"false\" aria-controls=\"collapse-2612\">\n\t\t\t\t\t\t\t\t\t\t\t\t<span class=\"accordion-title-txt\">Etkisi ne kadar s\u00fcrer?<\/span>\n\t\t\t\t\t\t\t\t\t\t\t\t\t<span class=\"accordion-expander\"><i class=\"fa fa-chevron-down\"><\/i><i class=\"fa fa-chevron-up\"><\/i><\/span>\t\t\t\t\t\t\t\t\t\t\t<\/a>\n\t\t\t\t<\/h4>\t\t\t\t<\/div>\n\n\t\t\t\t<div id=\"collapse-2612\" class=\"accordion-collapse collapse \" data-bs-parent=\"#accordion-69e3934c20d0e\" role=\"tabpanel\" aria-labelledby=\"heading-2612\">\n\n\t\t\t\t<div class=\"accordion-content\">\n\t\t\t\t\t<p>Gen\u00e7lik a\u015f\u0131lar\u0131n\u0131n etkisi genellikle 6-12 ay aras\u0131nda devam eder. D\u00fczenli aral\u0131klarla yap\u0131lan bak\u0131mlar etkilerin uzun s\u00fcre kal\u0131c\u0131 olmas\u0131n\u0131 sa\u011flar.<\/p>\t\t\t\t<\/div>\n\n\t\t\t\t<\/div>\n\n\t\t\t<\/div>\n\t\t\t\t\t\t\t\t\t<div class=\"accordion-item panel \">\n\n\t\t\t\t<div class=\"accordion-heading\" role=\"tab\" id=\"heading-2613\">\n\t\t\t\t<h4 class=\"accordion-title  tabindex=\"-1\">\t\t\t\t\t<a class=\"collapsed\" role=\"button\" data-toggle=\"collapse\" data-bs-toggle=\"collapse\"\n                    tabindex=\"0\"\n\t\t\t\t\tdata-parent=\"#accordion-69e3934c20d0e\" data-bs-parent=\"#accordion-69e3934c20d0e\" href=\"#collapse-2613\" data-target=\"#collapse-2613\" data-bs-target=\"#collapse-2613\"\n\t\t\t\t\taria-expanded=\"false\" aria-controls=\"collapse-2613\">\n\t\t\t\t\t\t\t\t\t\t\t\t<span class=\"accordion-title-txt\">Kimler gen\u00e7lik a\u015f\u0131lar\u0131 yapt\u0131rabilir?<\/span>\n\t\t\t\t\t\t\t\t\t\t\t\t\t<span class=\"accordion-expander\"><i class=\"fa fa-chevron-down\"><\/i><i class=\"fa fa-chevron-up\"><\/i><\/span>\t\t\t\t\t\t\t\t\t\t\t<\/a>\n\t\t\t\t<\/h4>\t\t\t\t<\/div>\n\n\t\t\t\t<div id=\"collapse-2613\" class=\"accordion-collapse collapse \" data-bs-parent=\"#accordion-69e3934c20d0e\" role=\"tabpanel\" aria-labelledby=\"heading-2613\">\n\n\t\t\t\t<div class=\"accordion-content\">\n\t\t\t\t\t<p>Gen\u00e7lik a\u015f\u0131lar\u0131, 30 ya\u015f\u0131ndan itibaren ciltte ya\u015flanma belirtileri ba\u015flayan ve do\u011fal bir cilt yenileme s\u00fcreci isteyen herkese uygulanabilir.<\/p>\t\t\t\t<\/div>\n\n\t\t\t\t<\/div>\n\n\t\t\t<\/div>\n\t\t\t\t\t\t\t\t\t\t<script type=\"application\/ld+json\">{\"@context\":\"https:\\\/\\\/schema.org\",\"@type\":\"FAQPage\",\"mainEntity\":[{\"@type\":\"Question\",\"name\":\"Gen\\u00e7lik a\\u015f\\u0131lar\\u0131 a\\u011fr\\u0131l\\u0131 m\\u0131d\\u0131r?\",\"acceptedAnswer\":{\"@type\":\"Answer\",\"text\":\"lem srasnda genellikle ar hissedilmez. Anestezik krem uyguland iin ilem olduka konforludur.\"}},{\"@type\":\"Question\",\"name\":\"Etkisi ne kadar s\\u00fcrer?\",\"acceptedAnswer\":{\"@type\":\"Answer\",\"text\":\"Genlik alarnn etkisi genellikle 6-12 ay arasnda devam eder. Dzenli aralklarla yaplan bakmlar etkilerin uzun sre kalc olmasn salar.\"}},{\"@type\":\"Question\",\"name\":\"Kimler gen\\u00e7lik a\\u015f\\u0131lar\\u0131 yapt\\u0131rabilir?\",\"acceptedAnswer\":{\"@type\":\"Answer\",\"text\":\"Genlik alar, 30 yandan itibaren ciltte yalanma belirtileri balayan ve doal bir cilt yenileme sreci isteyen herkese uygulanabilir.\"}}]}<\/script>\n\t\t\t\n\t\t<\/div>\n\n\t\t\t\t<\/div>\n\t\t\t\t<\/div>\n\t\t\t\t\t<\/div>\n\t\t<\/div>\n\t\t\t\t<div class=\"lqd-css-sticky-column elementor-column elementor-col-50 elementor-top-column elementor-element elementor-element-c0ab821\" style=\"--lqd-sticky-offset:20px\" data-id=\"c0ab821\" data-element_type=\"column\">\n\t\t\t<div class=\"elementor-widget-wrap elementor-element-populated\">\n\t\t\t\t\t\t<div class=\"elementor-element elementor-element-b4b237d elementor-widget elementor-widget-hub_fancy_heading\" data-id=\"b4b237d\" data-element_type=\"widget\" data-widget_type=\"hub_fancy_heading.default\">\n\t\t\t\t<div class=\"elementor-widget-container\">\n\t\t\t\n\t\t<div id=\"ld-fancy-heading-69e3934c21851\" class=\"ld-fancy-heading pos-rel\">\n\t\t\t<div class=\"ld-fh-element d-inline-block pos-rel  lqd-highlight-classic lqd-highlight-grow-left div\"  > \u00dccretsiz Kons\u00fcltasyon<\/div>\t\t<\/div>\n\n\t\t\t\t<\/div>\n\t\t\t\t<\/div>\n\t\t\t\t<div class=\"elementor-element elementor-element-c0b7240 elementor-widget elementor-widget-spacer\" data-id=\"c0b7240\" data-element_type=\"widget\" data-widget_type=\"spacer.default\">\n\t\t\t\t<div class=\"elementor-widget-container\">\n\t\t\t\t\t<div class=\"elementor-spacer\">\n\t\t\t<div class=\"elementor-spacer-inner\"><\/div>\n\t\t<\/div>\n\t\t\t\t<\/div>\n\t\t\t\t<\/div>\n\t\t\t\t<div class=\"elementor-element elementor-element-98a1bf8 elementor-widget elementor-widget-ld_cf722\" data-id=\"98a1bf8\" data-element_type=\"widget\" data-widget_type=\"ld_cf722.default\">\n\t\t\t\t<div class=\"elementor-widget-container\">\n\t\t\t\n\t<div class=\"lqd-contact-form    lqd-contact-form-button-block  lqd-contact-form-button-lg lqd-contact-form-button-round  \">\n\t\t\n<div class=\"wpcf7 no-js\" id=\"wpcf7-f7627-o1\" lang=\"en-US\" dir=\"ltr\" data-wpcf7-id=\"7627\">\n<div class=\"screen-reader-response\"><p role=\"status\" aria-live=\"polite\" aria-atomic=\"true\"><\/p> <ul><\/ul><\/div>\n<form action=\"\/tr\/wp-json\/wp\/v2\/pages\/8190#wpcf7-f7627-o1\" method=\"post\" class=\"wpcf7-form init\" aria-label=\"Contact form\" novalidate=\"novalidate\" data-status=\"init\">\n<div style=\"display: none;\">\n<input type=\"hidden\" name=\"_wpcf7\" value=\"7627\" \/>\n<input type=\"hidden\" name=\"_wpcf7_version\" value=\"6.0\" \/>\n<input type=\"hidden\" name=\"_wpcf7_locale\" value=\"en_US\" \/>\n<input type=\"hidden\" name=\"_wpcf7_unit_tag\" value=\"wpcf7-f7627-o1\" \/>\n<input type=\"hidden\" name=\"_wpcf7_container_post\" value=\"0\" \/>\n<input type=\"hidden\" name=\"_wpcf7_posted_data_hash\" value=\"\" \/>\n<\/div>\n<p><span class=\"wpcf7-form-control-wrap\" data-name=\"adi\"><input size=\"40\" maxlength=\"400\" class=\"wpcf7-form-control wpcf7-text wpcf7-validates-as-required\" aria-required=\"true\" aria-invalid=\"false\" placeholder=\"Ad\u0131n\u0131z\" value=\"\" type=\"text\" name=\"adi\" \/><\/span><span class=\"wpcf7-form-control-wrap\" data-name=\"tel\"><input size=\"40\" class=\"wpcf7-form-control wpcf7-phonetext wpcf7-validates-as-required wpcf7-text wpcf7-validates-as-phonetext\" aria-required=\"true\" aria-invalid=\"false\" value=\"\" type=\"text\" name=\"tel\" \/><input type=\"hidden\" name=\"tel-country-code\" class=\"wpcf7-phonetext-country-code\" \/><\/span><span class=\"wpcf7-form-control-wrap\" data-name=\"mesaj\"><textarea cols=\"10\" rows=\"3\" maxlength=\"2000\" class=\"wpcf7-form-control wpcf7-textarea wpcf7-validates-as-required\" aria-required=\"true\" aria-invalid=\"false\" placeholder=\"Mesaj\u0131n\u0131z\" name=\"mesaj\"><\/textarea><\/span><input class=\"wpcf7-form-control wpcf7-submit has-spinner\" type=\"submit\" value=\"Formu G\u00f6nder\" \/>\n<\/p><div class=\"wpcf7-response-output\" aria-hidden=\"true\"><\/div>\n<\/form>\n<\/div>\n\t<\/div>\n\n\t\t\t<\/div>\n\t\t\t\t<\/div>\n\t\t\t\t\t<\/div>\n\t\t<\/div>\n\t\t\t\t\t<\/div>\n\t\t<\/section>\n\t\t\t\t<\/div>\n\t\t","protected":false},"excerpt":{"rendered":"<p>Anasayfa Gen\u00e7lik A\u015f\u0131lar\u0131 Gen\u00e7lik a\u015f\u0131lar\u0131, ciltteki ya\u015flanma belirtilerini azaltmak ve cildin daha gen\u00e7, canl\u0131 bir g\u00f6r\u00fcn\u00fcm kazanmas\u0131n\u0131 sa\u011flamak amac\u0131yla yap\u0131lan bir tedavi y\u00f6ntemidir. Tedavi \u0130\u00e7eri\u011fi Gen\u00e7lik A\u015f\u0131lar\u0131 Nas\u0131l Yap\u0131l\u0131r? Gen\u00e7lik a\u015f\u0131lar\u0131 i\u015flemi, genellikle lokal anestezik krem uygulanarak, minimal invaziv bir \u015fekilde ger\u00e7ekle\u015ftirilir. Cilt alt\u0131na hyal\u00fcronik asit, vitaminler ve mineraller gibi besleyici maddeler, ince u\u00e7lu i\u011fnelerle [&hellip;]<\/p>\n","protected":false},"author":1,"featured_media":0,"parent":8809,"menu_order":0,"comment_status":"closed","ping_status":"closed","template":"","meta":{"om_disable_all_campaigns":false,"_monsterinsights_skip_tracking":false,"_monsterinsights_sitenote_active":false,"_monsterinsights_sitenote_note":"","_monsterinsights_sitenote_category":0,"footnotes":""},"class_list":["post-8190","page","type-page","status-publish","hentry"],"_links":{"self":[{"href":"https:\/\/drmerdancelik.de\/tr\/wp-json\/wp\/v2\/pages\/8190","targetHints":{"allow":["GET"]}}],"collection":[{"href":"https:\/\/drmerdancelik.de\/tr\/wp-json\/wp\/v2\/pages"}],"about":[{"href":"https:\/\/drmerdancelik.de\/tr\/wp-json\/wp\/v2\/types\/page"}],"author":[{"embeddable":true,"href":"https:\/\/drmerdancelik.de\/tr\/wp-json\/wp\/v2\/users\/1"}],"replies":[{"embeddable":true,"href":"https:\/\/drmerdancelik.de\/tr\/wp-json\/wp\/v2\/comments?post=8190"}],"version-history":[{"count":10,"href":"https:\/\/drmerdancelik.de\/tr\/wp-json\/wp\/v2\/pages\/8190\/revisions"}],"predecessor-version":[{"id":8947,"href":"https:\/\/drmerdancelik.de\/tr\/wp-json\/wp\/v2\/pages\/8190\/revisions\/8947"}],"up":[{"embeddable":true,"href":"https:\/\/drmerdancelik.de\/tr\/wp-json\/wp\/v2\/pages\/8809"}],"wp:attachment":[{"href":"https:\/\/drmerdancelik.de\/tr\/wp-json\/wp\/v2\/media?parent=8190"}],"curies":[{"name":"wp","href":"https:\/\/api.w.org\/{rel}","templated":true}]}}