{"id":8067,"date":"2024-11-25T18:12:57","date_gmt":"2024-11-25T15:12:57","guid":{"rendered":"https:\/\/drmerdancelik.de\/tr\/?page_id=8067"},"modified":"2024-12-02T10:20:57","modified_gmt":"2024-12-02T07:20:57","slug":"botulinum-toksin","status":"publish","type":"page","link":"https:\/\/drmerdancelik.de\/tr\/medikal-estetik\/botulinum-toksin\/","title":{"rendered":"Botulinum Toksin"},"content":{"rendered":"\t\t<div data-elementor-type=\"wp-page\" data-elementor-id=\"8067\" class=\"elementor elementor-8067\" data-elementor-post-type=\"page\">\n\t\t\t\t\t\t<section class=\"elementor-section elementor-top-section elementor-element elementor-element-69b3141 elementor-section-boxed elementor-section-height-default elementor-section-height-default\" data-id=\"69b3141\" data-element_type=\"section\">\n\t\t\t\t\t\t<div class=\"elementor-container elementor-column-gap-default\">\n\t\t\t\t\t<div class=\"elementor-column elementor-col-50 elementor-top-column elementor-element elementor-element-2490b2d\" data-id=\"2490b2d\" data-element_type=\"column\">\n\t\t\t<div class=\"elementor-widget-wrap elementor-element-populated\">\n\t\t\t\t\t\t<div class=\"elementor-element elementor-element-8d4e0a7 elementor-widget__width-auto elementor-widget elementor-widget-ld_breadcrumb\" data-id=\"8d4e0a7\" data-element_type=\"widget\" data-widget_type=\"ld_breadcrumb.default\">\n\t\t\t\t<div class=\"elementor-widget-container\">\n\t\t\t<div class=\"lqd-breadcrumb-wrapper\"><nav role=\"navigation\" aria-label=\"Breadcrumbs\" class=\"breadcrumbs\"><ol class=\"breadcrumb reset-ul inline-nav inline-ul comma-sep-li\"><li class=\"breadcrumb-item active\"><a href=\"https:\/\/drmerdancelik.de\/tr\" rel=\"home\"><span>Anasayfa<\/span><\/a><\/li><\/ol><\/nav><\/div>\t\t<\/div>\n\t\t\t\t<\/div>\n\t\t\t\t<div class=\"elementor-element elementor-element-43a1374 elementor-widget elementor-widget-heading\" data-id=\"43a1374\" data-element_type=\"widget\" data-widget_type=\"heading.default\">\n\t\t\t\t<div class=\"elementor-widget-container\">\n\t\t\t<h1 class=\"elementor-heading-title elementor-size-default\">Botulinum Toksin<\/h1>\t\t<\/div>\n\t\t\t\t<\/div>\n\t\t\t\t<div class=\"elementor-element elementor-element-3f9748e elementor-widget elementor-widget-spacer\" data-id=\"3f9748e\" data-element_type=\"widget\" data-widget_type=\"spacer.default\">\n\t\t\t\t<div class=\"elementor-widget-container\">\n\t\t\t\t\t<div class=\"elementor-spacer\">\n\t\t\t<div class=\"elementor-spacer-inner\"><\/div>\n\t\t<\/div>\n\t\t\t\t<\/div>\n\t\t\t\t<\/div>\n\t\t\t\t<div class=\"elementor-element elementor-element-18ffa64 elementor-widget elementor-widget-hub_fancy_heading\" data-id=\"18ffa64\" data-element_type=\"widget\" data-widget_type=\"hub_fancy_heading.default\">\n\t\t\t\t<div class=\"elementor-widget-container\">\n\t\t\t\n\t\t<div id=\"ld-fancy-heading-69e3933584428\" class=\"ld-fancy-heading pos-rel\">\n\t\t\t<p class=\"ld-fh-element d-inline-block pos-rel  p\"  > Botulinum Toksin, sinir u\u00e7lar\u0131nda iletimi sa\u011flayan maddelerin sal\u0131n\u0131m\u0131n\u0131 engeller. Sinirler ile onlar\u0131n uyard\u0131\u011f\u0131 kaslar ya da ter bezleri aras\u0131ndaki elektriksel iletimi ge\u00e7ici olarak durdurarak etkisini g\u00f6sterir.<\/p>\t\t<\/div>\n\n\t\t\t\t<\/div>\n\t\t\t\t<\/div>\n\t\t\t\t\t<\/div>\n\t\t<\/div>\n\t\t\t\t<div class=\"elementor-column elementor-col-50 elementor-top-column elementor-element elementor-element-be3c557\" data-id=\"be3c557\" data-element_type=\"column\">\n\t\t\t<div class=\"elementor-widget-wrap elementor-element-populated\">\n\t\t\t\t\t\t<div class=\"elementor-element elementor-element-7479759 elementor-toc--minimized-on-tablet elementor-widget elementor-widget-table-of-contents\" data-id=\"7479759\" data-element_type=\"widget\" data-settings=\"{&quot;headings_by_tags&quot;:[&quot;h2&quot;],&quot;exclude_headings_by_selector&quot;:[],&quot;no_headings_message&quot;:&quot;No headings were found on this page.&quot;,&quot;collapse_subitems&quot;:&quot;yes&quot;,&quot;marker_view&quot;:&quot;bullets&quot;,&quot;icon&quot;:{&quot;value&quot;:&quot;fas fa-circle&quot;,&quot;library&quot;:&quot;fa-solid&quot;,&quot;rendered_tag&quot;:&quot;&lt;svg class=\\&quot;e-font-icon-svg e-fas-circle\\&quot; viewBox=\\&quot;0 0 512 512\\&quot; xmlns=\\&quot;http:\\\/\\\/www.w3.org\\\/2000\\\/svg\\&quot;&gt;&lt;path d=\\&quot;M256 8C119 8 8 119 8 256s111 248 248 248 248-111 248-248S393 8 256 8z\\&quot;&gt;&lt;\\\/path&gt;&lt;\\\/svg&gt;&quot;},&quot;minimize_box&quot;:&quot;yes&quot;,&quot;minimized_on&quot;:&quot;tablet&quot;,&quot;hierarchical_view&quot;:&quot;yes&quot;,&quot;min_height&quot;:{&quot;unit&quot;:&quot;px&quot;,&quot;size&quot;:&quot;&quot;,&quot;sizes&quot;:[]},&quot;min_height_tablet&quot;:{&quot;unit&quot;:&quot;px&quot;,&quot;size&quot;:&quot;&quot;,&quot;sizes&quot;:[]},&quot;min_height_mobile&quot;:{&quot;unit&quot;:&quot;px&quot;,&quot;size&quot;:&quot;&quot;,&quot;sizes&quot;:[]}}\" data-widget_type=\"table-of-contents.default\">\n\t\t\t\t<div class=\"elementor-widget-container\">\n\t\t\t\t\t<div class=\"elementor-toc__header\">\n\t\t\t<h5 class=\"elementor-toc__header-title\">\n\t\t\t\tTedavi \u0130\u00e7eri\u011fi\t\t\t<\/h5>\n\t\t\t\t\t\t\t<div class=\"elementor-toc__toggle-button elementor-toc__toggle-button--expand\" role=\"button\" tabindex=\"0\" aria-controls=\"elementor-toc__7479759\" aria-expanded=\"true\" aria-label=\"Open table of contents\"><svg aria-hidden=\"true\" class=\"e-font-icon-svg e-fas-chevron-down\" viewBox=\"0 0 448 512\" xmlns=\"http:\/\/www.w3.org\/2000\/svg\"><path d=\"M207.029 381.476L12.686 187.132c-9.373-9.373-9.373-24.569 0-33.941l22.667-22.667c9.357-9.357 24.522-9.375 33.901-.04L224 284.505l154.745-154.021c9.379-9.335 24.544-9.317 33.901.04l22.667 22.667c9.373 9.373 9.373 24.569 0 33.941L240.971 381.476c-9.373 9.372-24.569 9.372-33.942 0z\"><\/path><\/svg><\/div>\n\t\t\t\t<div class=\"elementor-toc__toggle-button elementor-toc__toggle-button--collapse\" role=\"button\" tabindex=\"0\" aria-controls=\"elementor-toc__7479759\" aria-expanded=\"true\" aria-label=\"Close table of contents\"><svg aria-hidden=\"true\" class=\"e-font-icon-svg e-fas-chevron-up\" viewBox=\"0 0 448 512\" xmlns=\"http:\/\/www.w3.org\/2000\/svg\"><path d=\"M240.971 130.524l194.343 194.343c9.373 9.373 9.373 24.569 0 33.941l-22.667 22.667c-9.357 9.357-24.522 9.375-33.901.04L224 227.495 69.255 381.516c-9.379 9.335-24.544 9.317-33.901-.04l-22.667-22.667c-9.373-9.373-9.373-24.569 0-33.941L207.03 130.525c9.372-9.373 24.568-9.373 33.941-.001z\"><\/path><\/svg><\/div>\n\t\t\t\t\t<\/div>\n\t\t<div id=\"elementor-toc__7479759\" class=\"elementor-toc__body elementor-toc__list-items--collapsible\">\n\t\t\t<div class=\"elementor-toc__spinner-container\">\n\t\t\t\t<svg class=\"elementor-toc__spinner eicon-animation-spin e-font-icon-svg e-eicon-loading\" aria-hidden=\"true\" viewBox=\"0 0 1000 1000\" xmlns=\"http:\/\/www.w3.org\/2000\/svg\"><path d=\"M500 975V858C696 858 858 696 858 500S696 142 500 142 142 304 142 500H25C25 237 238 25 500 25S975 237 975 500 763 975 500 975Z\"><\/path><\/svg>\t\t\t<\/div>\n\t\t<\/div>\n\t\t\t\t<\/div>\n\t\t\t\t<\/div>\n\t\t\t\t\t<\/div>\n\t\t<\/div>\n\t\t\t\t\t<\/div>\n\t\t<\/section>\n\t\t<div class=\"elementor-element elementor-element-5545221 e-con-full e-flex e-con e-parent\" data-id=\"5545221\" data-element_type=\"container\">\n\t\t\t\t<div class=\"elementor-element elementor-element-049af71 elementor-widget elementor-widget-image\" data-id=\"049af71\" data-element_type=\"widget\" data-widget_type=\"image.default\">\n\t\t\t\t<div class=\"elementor-widget-container\">\n\t\t\t\t\t\t\t\t\t\t\t\t\t<img fetchpriority=\"high\" decoding=\"async\" width=\"1903\" height=\"400\" src=\"data:image\/svg+xml;charset=utf-8,%3Csvg xmlns%3D&#039;http%3A%2F%2Fwww.w3.org%2F2000%2Fsvg&#039; viewBox%3D&#039;0 0  &#039;%2F%3E\" class=\"attachment-full size-full wp-image-8083 ld-lazyload\" alt=\"\" data-src=\"https:\/\/drmerdancelik.de\/tr\/wp-content\/uploads\/2024\/11\/botoks-1.jpg\" data-srcset=\"https:\/\/drmerdancelik.de\/tr\/wp-content\/uploads\/2024\/11\/botoks-1.jpg 1903w, https:\/\/drmerdancelik.de\/tr\/wp-content\/uploads\/2024\/11\/botoks-1-300x63.jpg 300w, https:\/\/drmerdancelik.de\/tr\/wp-content\/uploads\/2024\/11\/botoks-1-1024x215.jpg 1024w, https:\/\/drmerdancelik.de\/tr\/wp-content\/uploads\/2024\/11\/botoks-1-1536x323.jpg 1536w\" data-sizes=\"(max-width: 1903px) 100vw, 1903px\" data-aspect=\"\" \/>\t\t\t\t\t\t\t\t\t\t\t\t\t<\/div>\n\t\t\t\t<\/div>\n\t\t\t\t<\/div>\n\t\t\t\t<section class=\"elementor-section elementor-top-section elementor-element elementor-element-c9b3ad5 elementor-section-boxed elementor-section-height-default elementor-section-height-default\" data-id=\"c9b3ad5\" data-element_type=\"section\">\n\t\t\t\t\t\t<div class=\"elementor-container elementor-column-gap-default\">\n\t\t\t\t\t<div class=\"elementor-column elementor-col-50 elementor-top-column elementor-element elementor-element-a31e693\" data-id=\"a31e693\" data-element_type=\"column\">\n\t\t\t<div class=\"elementor-widget-wrap elementor-element-populated\">\n\t\t\t\t\t\t<div class=\"elementor-element elementor-element-aa76194 elementor-widget elementor-widget-hub_fancy_heading\" data-id=\"aa76194\" data-element_type=\"widget\" data-widget_type=\"hub_fancy_heading.default\">\n\t\t\t\t<div class=\"elementor-widget-container\">\n\t\t\t\n\t\t<div id=\"ld-fancy-heading-69e3933584ab2\" class=\"ld-fancy-heading pos-rel\">\n\t\t\t<h2 class=\"ld-fh-element d-inline-block pos-rel  elementor-heading-title lqd-highlight-classic lqd-highlight-grow-left h2\"  > Botulinum Toksin Ne Ama\u00e7la Kullan\u0131l\u0131r?<\/h2>\t\t<\/div>\n\n\t\t\t\t<\/div>\n\t\t\t\t<\/div>\n\t\t\t\t<div class=\"elementor-element elementor-element-a0092b1 elementor-widget elementor-widget-spacer\" data-id=\"a0092b1\" data-element_type=\"widget\" data-widget_type=\"spacer.default\">\n\t\t\t\t<div class=\"elementor-widget-container\">\n\t\t\t\t\t<div class=\"elementor-spacer\">\n\t\t\t<div class=\"elementor-spacer-inner\"><\/div>\n\t\t<\/div>\n\t\t\t\t<\/div>\n\t\t\t\t<\/div>\n\t\t\t\t<div class=\"elementor-element elementor-element-5edb9ff elementor-widget elementor-widget-text-editor\" data-id=\"5edb9ff\" data-element_type=\"widget\" data-widget_type=\"text-editor.default\">\n\t\t\t\t<div class=\"elementor-widget-container\">\n\t\t\t\t\t\t\t<p>Botulinum Toksin, en \u00e7ok y\u00fczdeki k\u0131r\u0131\u015f\u0131kl\u0131klar\u0131n giderilmesi ve koltukalt\u0131 terlemelerinin tedavisinde kullan\u0131l\u0131r. Hem tedavi edici, hem de koruyucu \u00f6zelli\u011fi vard\u0131r. Y\u0131llar i\u00e7erisinde y\u00fcze yerle\u015fmi\u015f \u00e7izgilerin tamamen a\u00e7\u0131lmas\u0131n\u0131 sa\u011flad\u0131\u011f\u0131 gibi, hen\u00fcz y\u00fcze yerle\u015fmemi\u015f ancak tekrarlayan kas hareketleriyle belirginle\u015fen \u00e7izgilerin derinle\u015fmeden d\u00fczelmesini sa\u011flar. Ayr\u0131ca ter bezlerini bloke edici etkisiyle a\u015f\u0131r\u0131 terlemeyi sonland\u0131r\u0131r.<\/p>\t\t\t\t\t\t<\/div>\n\t\t\t\t<\/div>\n\t\t\t\t<div class=\"elementor-element elementor-element-8f5bee6 elementor-widget elementor-widget-spacer\" data-id=\"8f5bee6\" data-element_type=\"widget\" data-widget_type=\"spacer.default\">\n\t\t\t\t<div class=\"elementor-widget-container\">\n\t\t\t\t\t<div class=\"elementor-spacer\">\n\t\t\t<div class=\"elementor-spacer-inner\"><\/div>\n\t\t<\/div>\n\t\t\t\t<\/div>\n\t\t\t\t<\/div>\n\t\t\t\t<div class=\"elementor-element elementor-element-a41f002 elementor-widget elementor-widget-video\" data-id=\"a41f002\" data-element_type=\"widget\" data-settings=\"{&quot;youtube_url&quot;:&quot;https:\\\/\\\/www.youtube.com\\\/watch?v=77-oTg8a5_0&quot;,&quot;video_type&quot;:&quot;youtube&quot;,&quot;controls&quot;:&quot;yes&quot;}\" data-widget_type=\"video.default\">\n\t\t\t\t<div class=\"elementor-widget-container\">\n\t\t\t\t\t<div class=\"elementor-wrapper elementor-open-inline\">\n\t\t\t<div class=\"elementor-video\"><\/div>\t\t<\/div>\n\t\t\t\t<\/div>\n\t\t\t\t<\/div>\n\t\t\t\t<div class=\"elementor-element elementor-element-c3f57f6 elementor-widget elementor-widget-spacer\" data-id=\"c3f57f6\" data-element_type=\"widget\" data-widget_type=\"spacer.default\">\n\t\t\t\t<div class=\"elementor-widget-container\">\n\t\t\t\t\t<div class=\"elementor-spacer\">\n\t\t\t<div class=\"elementor-spacer-inner\"><\/div>\n\t\t<\/div>\n\t\t\t\t<\/div>\n\t\t\t\t<\/div>\n\t\t\t\t<div class=\"elementor-element elementor-element-862b3ce elementor-widget elementor-widget-hub_fancy_heading\" data-id=\"862b3ce\" data-element_type=\"widget\" data-widget_type=\"hub_fancy_heading.default\">\n\t\t\t\t<div class=\"elementor-widget-container\">\n\t\t\t\n\t\t<div id=\"ld-fancy-heading-69e393358510a\" class=\"ld-fancy-heading pos-rel\">\n\t\t\t<h2 class=\"ld-fh-element d-inline-block pos-rel  elementor-heading-title lqd-highlight-classic lqd-highlight-grow-left h2\"  > Botulinum Toksin'in Etkisi Ne Kadar S\u00fcrer?<\/h2>\t\t<\/div>\n\n\t\t\t\t<\/div>\n\t\t\t\t<\/div>\n\t\t\t\t<div class=\"elementor-element elementor-element-cfecd63 elementor-widget elementor-widget-spacer\" data-id=\"cfecd63\" data-element_type=\"widget\" data-widget_type=\"spacer.default\">\n\t\t\t\t<div class=\"elementor-widget-container\">\n\t\t\t\t\t<div class=\"elementor-spacer\">\n\t\t\t<div class=\"elementor-spacer-inner\"><\/div>\n\t\t<\/div>\n\t\t\t\t<\/div>\n\t\t\t\t<\/div>\n\t\t\t\t<div class=\"elementor-element elementor-element-e9f097d elementor-widget elementor-widget-text-editor\" data-id=\"e9f097d\" data-element_type=\"widget\" data-widget_type=\"text-editor.default\">\n\t\t\t\t<div class=\"elementor-widget-container\">\n\t\t\t\t\t\t\t<p>Y\u00fczdeki k\u0131r\u0131\u015f\u0131kl\u0131klara ilk uyguland\u0131\u011f\u0131nda etkisi ortalama 4.5-6 ay s\u00fcrer. Tekrarlayan uygulamalarla bu s\u00fcre zaman i\u00e7inde 8-10 aya kadar uzar. Koltukalt\u0131na ilk uyguland\u0131\u011f\u0131nda terlemeyi ortalama 10-12 ay kadar d\u00fczene sokar. Tekrarlayan uygulamalarla bu s\u00fcre 16-18 aya kadar uzar.<\/p>\t\t\t\t\t\t<\/div>\n\t\t\t\t<\/div>\n\t\t\t\t<div class=\"elementor-element elementor-element-8b0fe1b elementor-widget elementor-widget-spacer\" data-id=\"8b0fe1b\" data-element_type=\"widget\" data-widget_type=\"spacer.default\">\n\t\t\t\t<div class=\"elementor-widget-container\">\n\t\t\t\t\t<div class=\"elementor-spacer\">\n\t\t\t<div class=\"elementor-spacer-inner\"><\/div>\n\t\t<\/div>\n\t\t\t\t<\/div>\n\t\t\t\t<\/div>\n\t\t\t\t<div class=\"elementor-element elementor-element-433ec59 elementor-widget elementor-widget-hub_fancy_heading\" data-id=\"433ec59\" data-element_type=\"widget\" data-widget_type=\"hub_fancy_heading.default\">\n\t\t\t\t<div class=\"elementor-widget-container\">\n\t\t\t\n\t\t<div id=\"ld-fancy-heading-69e3933585716\" class=\"ld-fancy-heading pos-rel\">\n\t\t\t<h2 class=\"ld-fh-element d-inline-block pos-rel  elementor-heading-title lqd-highlight-classic lqd-highlight-grow-left h2\"  > S\u0131k Sorulan Sorular<\/h2>\t\t<\/div>\n\n\t\t\t\t<\/div>\n\t\t\t\t<\/div>\n\t\t\t\t<div class=\"elementor-element elementor-element-5e203ae elementor-widget elementor-widget-spacer\" data-id=\"5e203ae\" data-element_type=\"widget\" data-widget_type=\"spacer.default\">\n\t\t\t\t<div class=\"elementor-widget-container\">\n\t\t\t\t\t<div class=\"elementor-spacer\">\n\t\t\t<div class=\"elementor-spacer-inner\"><\/div>\n\t\t<\/div>\n\t\t\t\t<\/div>\n\t\t\t\t<\/div>\n\t\t\t\t<div class=\"elementor-element elementor-element-f936414 elementor-widget elementor-widget-ld_accordion\" data-id=\"f936414\" data-element_type=\"widget\" data-widget_type=\"ld_accordion.default\">\n\t\t\t\t<div class=\"elementor-widget-container\">\n\t\t\t\n\t\t<div class=\"accordion accordion-sm\" id=\"accordion-69e393359a94e\" role=\"tablist\" aria-multiselectable=\"true\">\n\t\t\t\t\t\t\t\t\t\t\t\t<div class=\"accordion-item panel  active\">\n\n\t\t\t\t<div class=\"accordion-heading\" role=\"tab\" id=\"heading-2611\">\n\t\t\t\t<h4 class=\"accordion-title  tabindex=\"-1\">\t\t\t\t\t<a class=\"\" role=\"button\" data-toggle=\"collapse\" data-bs-toggle=\"collapse\"\n                    tabindex=\"0\"\n\t\t\t\t\tdata-parent=\"#accordion-69e393359a94e\" data-bs-parent=\"#accordion-69e393359a94e\" href=\"#collapse-2611\" data-target=\"#collapse-2611\" data-bs-target=\"#collapse-2611\"\n\t\t\t\t\taria-expanded=\"true\" aria-controls=\"collapse-2611\">\n\t\t\t\t\t\t\t\t\t\t\t\t<span class=\"accordion-title-txt\">Botoks hangi alanlarda kullan\u0131l\u0131r?<\/span>\n\t\t\t\t\t\t\t\t\t\t\t\t\t<span class=\"accordion-expander\"><i class=\"fa fa-chevron-down\"><\/i><i class=\"fa fa-chevron-up\"><\/i><\/span>\t\t\t\t\t\t\t\t\t\t\t<\/a>\n\t\t\t\t<\/h4>\t\t\t\t<\/div>\n\n\t\t\t\t<div id=\"collapse-2611\" class=\"accordion-collapse collapse  show\" data-bs-parent=\"#accordion-69e393359a94e\" role=\"tabpanel\" aria-labelledby=\"heading-2611\">\n\n\t\t\t\t<div class=\"accordion-content\">\n\t\t\t\t\t<ul><li><strong>Estetik ama\u00e7l\u0131:<\/strong> Al\u0131n \u00e7izgileri, kaz ayaklar\u0131, ka\u015f aras\u0131 \u00e7izgiler ve boyun k\u0131r\u0131\u015f\u0131kl\u0131klar\u0131n\u0131 azaltmak.<\/li><li><strong>Medikal ama\u00e7l\u0131:<\/strong> Migren, a\u015f\u0131r\u0131 terleme (hiperhidroz), di\u015f s\u0131kma (bruksizm), g\u00f6z se\u011firmesi ve kas spazmlar\u0131n\u0131 tedavi etmek.<\/li><\/ul>\t\t\t\t<\/div>\n\n\t\t\t\t<\/div>\n\n\t\t\t<\/div>\n\t\t\t\t\t\t\t\t\t<div class=\"accordion-item panel \">\n\n\t\t\t\t<div class=\"accordion-heading\" role=\"tab\" id=\"heading-2612\">\n\t\t\t\t<h4 class=\"accordion-title  tabindex=\"-1\">\t\t\t\t\t<a class=\"collapsed\" role=\"button\" data-toggle=\"collapse\" data-bs-toggle=\"collapse\"\n                    tabindex=\"0\"\n\t\t\t\t\tdata-parent=\"#accordion-69e393359a94e\" data-bs-parent=\"#accordion-69e393359a94e\" href=\"#collapse-2612\" data-target=\"#collapse-2612\" data-bs-target=\"#collapse-2612\"\n\t\t\t\t\taria-expanded=\"false\" aria-controls=\"collapse-2612\">\n\t\t\t\t\t\t\t\t\t\t\t\t<span class=\"accordion-title-txt\">Botoks nas\u0131l uygulan\u0131r?<\/span>\n\t\t\t\t\t\t\t\t\t\t\t\t\t<span class=\"accordion-expander\"><i class=\"fa fa-chevron-down\"><\/i><i class=\"fa fa-chevron-up\"><\/i><\/span>\t\t\t\t\t\t\t\t\t\t\t<\/a>\n\t\t\t\t<\/h4>\t\t\t\t<\/div>\n\n\t\t\t\t<div id=\"collapse-2612\" class=\"accordion-collapse collapse \" data-bs-parent=\"#accordion-69e393359a94e\" role=\"tabpanel\" aria-labelledby=\"heading-2612\">\n\n\t\t\t\t<div class=\"accordion-content\">\n\t\t\t\t\t<p>\u0130nce u\u00e7lu i\u011fnelerle hedef kaslara enjekte edilir. \u0130\u015flem genellikle 10-20 dakika s\u00fcrer ve lokal anesteziye gerek duyulmaz.<\/p>\t\t\t\t<\/div>\n\n\t\t\t\t<\/div>\n\n\t\t\t<\/div>\n\t\t\t\t\t\t\t\t\t<div class=\"accordion-item panel \">\n\n\t\t\t\t<div class=\"accordion-heading\" role=\"tab\" id=\"heading-2613\">\n\t\t\t\t<h4 class=\"accordion-title  tabindex=\"-1\">\t\t\t\t\t<a class=\"collapsed\" role=\"button\" data-toggle=\"collapse\" data-bs-toggle=\"collapse\"\n                    tabindex=\"0\"\n\t\t\t\t\tdata-parent=\"#accordion-69e393359a94e\" data-bs-parent=\"#accordion-69e393359a94e\" href=\"#collapse-2613\" data-target=\"#collapse-2613\" data-bs-target=\"#collapse-2613\"\n\t\t\t\t\taria-expanded=\"false\" aria-controls=\"collapse-2613\">\n\t\t\t\t\t\t\t\t\t\t\t\t<span class=\"accordion-title-txt\">Botoksun etkisi ne kadar s\u00fcrer?<\/span>\n\t\t\t\t\t\t\t\t\t\t\t\t\t<span class=\"accordion-expander\"><i class=\"fa fa-chevron-down\"><\/i><i class=\"fa fa-chevron-up\"><\/i><\/span>\t\t\t\t\t\t\t\t\t\t\t<\/a>\n\t\t\t\t<\/h4>\t\t\t\t<\/div>\n\n\t\t\t\t<div id=\"collapse-2613\" class=\"accordion-collapse collapse \" data-bs-parent=\"#accordion-69e393359a94e\" role=\"tabpanel\" aria-labelledby=\"heading-2613\">\n\n\t\t\t\t<div class=\"accordion-content\">\n\t\t\t\t\t<p>Etkiler genellikle 3-6 ay s\u00fcrer. S\u00fcre sonunda kas hareketleri normale d\u00f6ner ve i\u015flem tekrarlanabilir.<\/p>\t\t\t\t<\/div>\n\n\t\t\t\t<\/div>\n\n\t\t\t<\/div>\n\t\t\t\t\t\t\t\t\t\t<script type=\"application\/ld+json\">{\"@context\":\"https:\\\/\\\/schema.org\",\"@type\":\"FAQPage\",\"mainEntity\":[{\"@type\":\"Question\",\"name\":\"Botoks hangi alanlarda kullan\\u0131l\\u0131r?\",\"acceptedAnswer\":{\"@type\":\"Answer\",\"text\":\"Estetik amal: Aln izgileri, kaz ayaklar, ka aras izgiler ve boyun krklklarn azaltmak.Medikal amal: Migren, ar terleme (hiperhidroz), di skma (bruksizm), gz seirmesi ve kas spazmlarn tedavi etmek.\"}},{\"@type\":\"Question\",\"name\":\"Botoks nas\\u0131l uygulan\\u0131r?\",\"acceptedAnswer\":{\"@type\":\"Answer\",\"text\":\"nce ulu inelerle hedef kaslara enjekte edilir. lem genellikle 10-20 dakika srer ve lokal anesteziye gerek duyulmaz.\"}},{\"@type\":\"Question\",\"name\":\"Botoksun etkisi ne kadar s\\u00fcrer?\",\"acceptedAnswer\":{\"@type\":\"Answer\",\"text\":\"Etkiler genellikle 3-6 ay srer. Sre sonunda kas hareketleri normale dner ve ilem tekrarlanabilir.\"}}]}<\/script>\n\t\t\t\n\t\t<\/div>\n\n\t\t\t\t<\/div>\n\t\t\t\t<\/div>\n\t\t\t\t\t<\/div>\n\t\t<\/div>\n\t\t\t\t<div class=\"lqd-css-sticky-column elementor-column elementor-col-50 elementor-top-column elementor-element elementor-element-c0ab821\" style=\"--lqd-sticky-offset:20px\" data-id=\"c0ab821\" data-element_type=\"column\">\n\t\t\t<div class=\"elementor-widget-wrap elementor-element-populated\">\n\t\t\t\t\t\t<div class=\"elementor-element elementor-element-b4b237d elementor-widget elementor-widget-hub_fancy_heading\" data-id=\"b4b237d\" data-element_type=\"widget\" data-widget_type=\"hub_fancy_heading.default\">\n\t\t\t\t<div class=\"elementor-widget-container\">\n\t\t\t\n\t\t<div id=\"ld-fancy-heading-69e393359b295\" class=\"ld-fancy-heading pos-rel\">\n\t\t\t<div class=\"ld-fh-element d-inline-block pos-rel  lqd-highlight-classic lqd-highlight-grow-left div\"  > \u00dccretsiz Kons\u00fcltasyon<\/div>\t\t<\/div>\n\n\t\t\t\t<\/div>\n\t\t\t\t<\/div>\n\t\t\t\t<div class=\"elementor-element elementor-element-c0b7240 elementor-widget elementor-widget-spacer\" data-id=\"c0b7240\" data-element_type=\"widget\" data-widget_type=\"spacer.default\">\n\t\t\t\t<div class=\"elementor-widget-container\">\n\t\t\t\t\t<div class=\"elementor-spacer\">\n\t\t\t<div class=\"elementor-spacer-inner\"><\/div>\n\t\t<\/div>\n\t\t\t\t<\/div>\n\t\t\t\t<\/div>\n\t\t\t\t<div class=\"elementor-element elementor-element-98a1bf8 elementor-widget elementor-widget-ld_cf722\" data-id=\"98a1bf8\" data-element_type=\"widget\" data-widget_type=\"ld_cf722.default\">\n\t\t\t\t<div class=\"elementor-widget-container\">\n\t\t\t\n\t<div class=\"lqd-contact-form    lqd-contact-form-button-block  lqd-contact-form-button-lg lqd-contact-form-button-round  \">\n\t\t\n<div class=\"wpcf7 no-js\" id=\"wpcf7-f7627-o1\" lang=\"en-US\" dir=\"ltr\" data-wpcf7-id=\"7627\">\n<div class=\"screen-reader-response\"><p role=\"status\" aria-live=\"polite\" aria-atomic=\"true\"><\/p> <ul><\/ul><\/div>\n<form action=\"\/tr\/wp-json\/wp\/v2\/pages\/8067#wpcf7-f7627-o1\" method=\"post\" class=\"wpcf7-form init\" aria-label=\"Contact form\" novalidate=\"novalidate\" data-status=\"init\">\n<div style=\"display: none;\">\n<input type=\"hidden\" name=\"_wpcf7\" value=\"7627\" \/>\n<input type=\"hidden\" name=\"_wpcf7_version\" value=\"6.0\" \/>\n<input type=\"hidden\" name=\"_wpcf7_locale\" value=\"en_US\" \/>\n<input type=\"hidden\" name=\"_wpcf7_unit_tag\" value=\"wpcf7-f7627-o1\" \/>\n<input type=\"hidden\" name=\"_wpcf7_container_post\" value=\"0\" \/>\n<input type=\"hidden\" name=\"_wpcf7_posted_data_hash\" value=\"\" \/>\n<\/div>\n<p><span class=\"wpcf7-form-control-wrap\" data-name=\"adi\"><input size=\"40\" maxlength=\"400\" class=\"wpcf7-form-control wpcf7-text wpcf7-validates-as-required\" aria-required=\"true\" aria-invalid=\"false\" placeholder=\"Ad\u0131n\u0131z\" value=\"\" type=\"text\" name=\"adi\" \/><\/span><span class=\"wpcf7-form-control-wrap\" data-name=\"tel\"><input size=\"40\" class=\"wpcf7-form-control wpcf7-phonetext wpcf7-validates-as-required wpcf7-text wpcf7-validates-as-phonetext\" aria-required=\"true\" aria-invalid=\"false\" value=\"\" type=\"text\" name=\"tel\" \/><input type=\"hidden\" name=\"tel-country-code\" class=\"wpcf7-phonetext-country-code\" \/><\/span><span class=\"wpcf7-form-control-wrap\" data-name=\"mesaj\"><textarea cols=\"10\" rows=\"3\" maxlength=\"2000\" class=\"wpcf7-form-control wpcf7-textarea wpcf7-validates-as-required\" aria-required=\"true\" aria-invalid=\"false\" placeholder=\"Mesaj\u0131n\u0131z\" name=\"mesaj\"><\/textarea><\/span><input class=\"wpcf7-form-control wpcf7-submit has-spinner\" type=\"submit\" value=\"Formu G\u00f6nder\" \/>\n<\/p><div class=\"wpcf7-response-output\" aria-hidden=\"true\"><\/div>\n<\/form>\n<\/div>\n\t<\/div>\n\n\t\t\t<\/div>\n\t\t\t\t<\/div>\n\t\t\t\t\t<\/div>\n\t\t<\/div>\n\t\t\t\t\t<\/div>\n\t\t<\/section>\n\t\t\t\t<\/div>\n\t\t","protected":false},"excerpt":{"rendered":"<p>Anasayfa Botulinum Toksin Botulinum Toksin, sinir u\u00e7lar\u0131nda iletimi sa\u011flayan maddelerin sal\u0131n\u0131m\u0131n\u0131 engeller. Sinirler ile onlar\u0131n uyard\u0131\u011f\u0131 kaslar ya da ter bezleri aras\u0131ndaki elektriksel iletimi ge\u00e7ici olarak durdurarak etkisini g\u00f6sterir. Tedavi \u0130\u00e7eri\u011fi Botulinum Toksin Ne Ama\u00e7la Kullan\u0131l\u0131r? Botulinum Toksin, en \u00e7ok y\u00fczdeki k\u0131r\u0131\u015f\u0131kl\u0131klar\u0131n giderilmesi ve koltukalt\u0131 terlemelerinin tedavisinde kullan\u0131l\u0131r. Hem tedavi edici, hem de koruyucu \u00f6zelli\u011fi [&hellip;]<\/p>\n","protected":false},"author":1,"featured_media":0,"parent":8809,"menu_order":0,"comment_status":"closed","ping_status":"closed","template":"","meta":{"om_disable_all_campaigns":false,"_monsterinsights_skip_tracking":false,"_monsterinsights_sitenote_active":false,"_monsterinsights_sitenote_note":"","_monsterinsights_sitenote_category":0,"footnotes":""},"class_list":["post-8067","page","type-page","status-publish","hentry"],"_links":{"self":[{"href":"https:\/\/drmerdancelik.de\/tr\/wp-json\/wp\/v2\/pages\/8067","targetHints":{"allow":["GET"]}}],"collection":[{"href":"https:\/\/drmerdancelik.de\/tr\/wp-json\/wp\/v2\/pages"}],"about":[{"href":"https:\/\/drmerdancelik.de\/tr\/wp-json\/wp\/v2\/types\/page"}],"author":[{"embeddable":true,"href":"https:\/\/drmerdancelik.de\/tr\/wp-json\/wp\/v2\/users\/1"}],"replies":[{"embeddable":true,"href":"https:\/\/drmerdancelik.de\/tr\/wp-json\/wp\/v2\/comments?post=8067"}],"version-history":[{"count":19,"href":"https:\/\/drmerdancelik.de\/tr\/wp-json\/wp\/v2\/pages\/8067\/revisions"}],"predecessor-version":[{"id":8923,"href":"https:\/\/drmerdancelik.de\/tr\/wp-json\/wp\/v2\/pages\/8067\/revisions\/8923"}],"up":[{"embeddable":true,"href":"https:\/\/drmerdancelik.de\/tr\/wp-json\/wp\/v2\/pages\/8809"}],"wp:attachment":[{"href":"https:\/\/drmerdancelik.de\/tr\/wp-json\/wp\/v2\/media?parent=8067"}],"curies":[{"name":"wp","href":"https:\/\/api.w.org\/{rel}","templated":true}]}}