{"id":8009,"date":"2024-11-25T17:41:31","date_gmt":"2024-11-25T14:41:31","guid":{"rendered":"https:\/\/drmerdancelik.de\/tr\/?page_id=8009"},"modified":"2024-12-02T10:17:09","modified_gmt":"2024-12-02T07:17:09","slug":"sakal-biyik-ekimi","status":"publish","type":"page","link":"https:\/\/drmerdancelik.de\/tr\/sac-ekimi\/sakal-biyik-ekimi\/","title":{"rendered":"Sakal &amp; B\u0131y\u0131k Ekimi"},"content":{"rendered":"\t\t<div data-elementor-type=\"wp-page\" data-elementor-id=\"8009\" class=\"elementor elementor-8009\" data-elementor-post-type=\"page\">\n\t\t\t\t\t\t<section class=\"elementor-section elementor-top-section elementor-element elementor-element-69b3141 elementor-section-boxed elementor-section-height-default elementor-section-height-default\" data-id=\"69b3141\" data-element_type=\"section\">\n\t\t\t\t\t\t<div class=\"elementor-container elementor-column-gap-default\">\n\t\t\t\t\t<div class=\"elementor-column elementor-col-50 elementor-top-column elementor-element elementor-element-2490b2d\" data-id=\"2490b2d\" data-element_type=\"column\">\n\t\t\t<div class=\"elementor-widget-wrap elementor-element-populated\">\n\t\t\t\t\t\t<div class=\"elementor-element elementor-element-c39e9c1 elementor-widget__width-auto elementor-widget elementor-widget-ld_breadcrumb\" data-id=\"c39e9c1\" data-element_type=\"widget\" data-widget_type=\"ld_breadcrumb.default\">\n\t\t\t\t<div class=\"elementor-widget-container\">\n\t\t\t<div class=\"lqd-breadcrumb-wrapper\"><nav role=\"navigation\" aria-label=\"Breadcrumbs\" class=\"breadcrumbs\"><ol class=\"breadcrumb reset-ul inline-nav inline-ul comma-sep-li\"><li class=\"breadcrumb-item active\"><a href=\"https:\/\/drmerdancelik.de\/tr\" rel=\"home\"><span>Anasayfa<\/span><\/a><\/li><\/ol><\/nav><\/div>\t\t<\/div>\n\t\t\t\t<\/div>\n\t\t\t\t<div class=\"elementor-element elementor-element-43a1374 elementor-widget elementor-widget-heading\" data-id=\"43a1374\" data-element_type=\"widget\" data-widget_type=\"heading.default\">\n\t\t\t\t<div class=\"elementor-widget-container\">\n\t\t\t<h1 class=\"elementor-heading-title elementor-size-default\">Sakal &amp; B\u0131y\u0131k Ekimi<\/h1>\t\t<\/div>\n\t\t\t\t<\/div>\n\t\t\t\t<div class=\"elementor-element elementor-element-3f9748e elementor-widget elementor-widget-spacer\" data-id=\"3f9748e\" data-element_type=\"widget\" data-widget_type=\"spacer.default\">\n\t\t\t\t<div class=\"elementor-widget-container\">\n\t\t\t\t\t<div class=\"elementor-spacer\">\n\t\t\t<div class=\"elementor-spacer-inner\"><\/div>\n\t\t<\/div>\n\t\t\t\t<\/div>\n\t\t\t\t<\/div>\n\t\t\t\t<div class=\"elementor-element elementor-element-18ffa64 elementor-widget elementor-widget-hub_fancy_heading\" data-id=\"18ffa64\" data-element_type=\"widget\" data-widget_type=\"hub_fancy_heading.default\">\n\t\t\t\t<div class=\"elementor-widget-container\">\n\t\t\t\n\t\t<div id=\"ld-fancy-heading-69e3934626879\" class=\"ld-fancy-heading pos-rel\">\n\t\t\t<p class=\"ld-fh-element d-inline-block pos-rel  p\"  > Son d\u00f6nemde filmlerde ve dizilerde sakall\u0131 j\u00f6nlerin \u00f6n planda olmas\u0131 sakal ve b\u0131y\u0131k ekimini \u00f6n plana \u00e7\u0131kartt\u0131. Sadece T\u00fcrk erkeklerinin de\u011fil Arap erkeklerinin de \u00e7ok ra\u011fbet g\u00f6sterdi\u011fi bu ekimi sakal, b\u0131y\u0131k, favori olarak \u00fc\u00e7 grupta toplamak gerekir.<\/p>\t\t<\/div>\n\n\t\t\t\t<\/div>\n\t\t\t\t<\/div>\n\t\t\t\t\t<\/div>\n\t\t<\/div>\n\t\t\t\t<div class=\"elementor-column elementor-col-50 elementor-top-column elementor-element elementor-element-be3c557\" data-id=\"be3c557\" data-element_type=\"column\">\n\t\t\t<div class=\"elementor-widget-wrap elementor-element-populated\">\n\t\t\t\t\t\t<div class=\"elementor-element elementor-element-7479759 elementor-toc--minimized-on-tablet elementor-widget elementor-widget-table-of-contents\" data-id=\"7479759\" data-element_type=\"widget\" data-settings=\"{&quot;headings_by_tags&quot;:[&quot;h2&quot;],&quot;exclude_headings_by_selector&quot;:[],&quot;no_headings_message&quot;:&quot;No headings were found on this page.&quot;,&quot;collapse_subitems&quot;:&quot;yes&quot;,&quot;marker_view&quot;:&quot;bullets&quot;,&quot;icon&quot;:{&quot;value&quot;:&quot;fas fa-circle&quot;,&quot;library&quot;:&quot;fa-solid&quot;,&quot;rendered_tag&quot;:&quot;&lt;svg class=\\&quot;e-font-icon-svg e-fas-circle\\&quot; viewBox=\\&quot;0 0 512 512\\&quot; xmlns=\\&quot;http:\\\/\\\/www.w3.org\\\/2000\\\/svg\\&quot;&gt;&lt;path d=\\&quot;M256 8C119 8 8 119 8 256s111 248 248 248 248-111 248-248S393 8 256 8z\\&quot;&gt;&lt;\\\/path&gt;&lt;\\\/svg&gt;&quot;},&quot;minimize_box&quot;:&quot;yes&quot;,&quot;minimized_on&quot;:&quot;tablet&quot;,&quot;hierarchical_view&quot;:&quot;yes&quot;,&quot;min_height&quot;:{&quot;unit&quot;:&quot;px&quot;,&quot;size&quot;:&quot;&quot;,&quot;sizes&quot;:[]},&quot;min_height_tablet&quot;:{&quot;unit&quot;:&quot;px&quot;,&quot;size&quot;:&quot;&quot;,&quot;sizes&quot;:[]},&quot;min_height_mobile&quot;:{&quot;unit&quot;:&quot;px&quot;,&quot;size&quot;:&quot;&quot;,&quot;sizes&quot;:[]}}\" data-widget_type=\"table-of-contents.default\">\n\t\t\t\t<div class=\"elementor-widget-container\">\n\t\t\t\t\t<div class=\"elementor-toc__header\">\n\t\t\t<h5 class=\"elementor-toc__header-title\">\n\t\t\t\tTedavi \u0130\u00e7eri\u011fi\t\t\t<\/h5>\n\t\t\t\t\t\t\t<div class=\"elementor-toc__toggle-button elementor-toc__toggle-button--expand\" role=\"button\" tabindex=\"0\" aria-controls=\"elementor-toc__7479759\" aria-expanded=\"true\" aria-label=\"Open table of contents\"><svg aria-hidden=\"true\" class=\"e-font-icon-svg e-fas-chevron-down\" viewBox=\"0 0 448 512\" xmlns=\"http:\/\/www.w3.org\/2000\/svg\"><path d=\"M207.029 381.476L12.686 187.132c-9.373-9.373-9.373-24.569 0-33.941l22.667-22.667c9.357-9.357 24.522-9.375 33.901-.04L224 284.505l154.745-154.021c9.379-9.335 24.544-9.317 33.901.04l22.667 22.667c9.373 9.373 9.373 24.569 0 33.941L240.971 381.476c-9.373 9.372-24.569 9.372-33.942 0z\"><\/path><\/svg><\/div>\n\t\t\t\t<div class=\"elementor-toc__toggle-button elementor-toc__toggle-button--collapse\" role=\"button\" tabindex=\"0\" aria-controls=\"elementor-toc__7479759\" aria-expanded=\"true\" aria-label=\"Close table of contents\"><svg aria-hidden=\"true\" class=\"e-font-icon-svg e-fas-chevron-up\" viewBox=\"0 0 448 512\" xmlns=\"http:\/\/www.w3.org\/2000\/svg\"><path d=\"M240.971 130.524l194.343 194.343c9.373 9.373 9.373 24.569 0 33.941l-22.667 22.667c-9.357 9.357-24.522 9.375-33.901.04L224 227.495 69.255 381.516c-9.379 9.335-24.544 9.317-33.901-.04l-22.667-22.667c-9.373-9.373-9.373-24.569 0-33.941L207.03 130.525c9.372-9.373 24.568-9.373 33.941-.001z\"><\/path><\/svg><\/div>\n\t\t\t\t\t<\/div>\n\t\t<div id=\"elementor-toc__7479759\" class=\"elementor-toc__body elementor-toc__list-items--collapsible\">\n\t\t\t<div class=\"elementor-toc__spinner-container\">\n\t\t\t\t<svg class=\"elementor-toc__spinner eicon-animation-spin e-font-icon-svg e-eicon-loading\" aria-hidden=\"true\" viewBox=\"0 0 1000 1000\" xmlns=\"http:\/\/www.w3.org\/2000\/svg\"><path d=\"M500 975V858C696 858 858 696 858 500S696 142 500 142 142 304 142 500H25C25 237 238 25 500 25S975 237 975 500 763 975 500 975Z\"><\/path><\/svg>\t\t\t<\/div>\n\t\t<\/div>\n\t\t\t\t<\/div>\n\t\t\t\t<\/div>\n\t\t\t\t\t<\/div>\n\t\t<\/div>\n\t\t\t\t\t<\/div>\n\t\t<\/section>\n\t\t<div class=\"elementor-element elementor-element-5545221 e-con-full e-flex e-con e-parent\" data-id=\"5545221\" data-element_type=\"container\">\n\t\t\t\t<div class=\"elementor-element elementor-element-049af71 elementor-widget elementor-widget-image\" data-id=\"049af71\" data-element_type=\"widget\" data-widget_type=\"image.default\">\n\t\t\t\t<div class=\"elementor-widget-container\">\n\t\t\t\t\t\t\t\t\t\t\t\t\t<img fetchpriority=\"high\" decoding=\"async\" width=\"1903\" height=\"400\" src=\"data:image\/svg+xml;charset=utf-8,%3Csvg xmlns%3D&#039;http%3A%2F%2Fwww.w3.org%2F2000%2Fsvg&#039; viewBox%3D&#039;0 0  &#039;%2F%3E\" class=\"attachment-full size-full wp-image-8060 ld-lazyload\" alt=\"\" data-src=\"https:\/\/drmerdancelik.de\/tr\/wp-content\/uploads\/2024\/11\/sakal-ekimi-2.jpg\" data-srcset=\"https:\/\/drmerdancelik.de\/tr\/wp-content\/uploads\/2024\/11\/sakal-ekimi-2.jpg 1903w, https:\/\/drmerdancelik.de\/tr\/wp-content\/uploads\/2024\/11\/sakal-ekimi-2-300x63.jpg 300w, https:\/\/drmerdancelik.de\/tr\/wp-content\/uploads\/2024\/11\/sakal-ekimi-2-1024x215.jpg 1024w, https:\/\/drmerdancelik.de\/tr\/wp-content\/uploads\/2024\/11\/sakal-ekimi-2-1536x323.jpg 1536w\" data-sizes=\"(max-width: 1903px) 100vw, 1903px\" data-aspect=\"\" \/>\t\t\t\t\t\t\t\t\t\t\t\t\t<\/div>\n\t\t\t\t<\/div>\n\t\t\t\t<\/div>\n\t\t\t\t<section class=\"elementor-section elementor-top-section elementor-element elementor-element-c9b3ad5 elementor-section-boxed elementor-section-height-default elementor-section-height-default\" data-id=\"c9b3ad5\" data-element_type=\"section\">\n\t\t\t\t\t\t<div class=\"elementor-container elementor-column-gap-default\">\n\t\t\t\t\t<div class=\"elementor-column elementor-col-50 elementor-top-column elementor-element elementor-element-a31e693\" data-id=\"a31e693\" data-element_type=\"column\">\n\t\t\t<div class=\"elementor-widget-wrap elementor-element-populated\">\n\t\t\t\t\t\t<div class=\"elementor-element elementor-element-aa76194 elementor-widget elementor-widget-hub_fancy_heading\" data-id=\"aa76194\" data-element_type=\"widget\" data-widget_type=\"hub_fancy_heading.default\">\n\t\t\t\t<div class=\"elementor-widget-container\">\n\t\t\t\n\t\t<div id=\"ld-fancy-heading-69e393463953f\" class=\"ld-fancy-heading pos-rel\">\n\t\t\t<h2 class=\"ld-fh-element d-inline-block pos-rel  elementor-heading-title lqd-highlight-classic lqd-highlight-grow-left h2\"  > K\u00f6se olan erkeklerde uygulanabilir mi?<\/h2>\t\t<\/div>\n\n\t\t\t\t<\/div>\n\t\t\t\t<\/div>\n\t\t\t\t<div class=\"elementor-element elementor-element-a0092b1 elementor-widget elementor-widget-spacer\" data-id=\"a0092b1\" data-element_type=\"widget\" data-widget_type=\"spacer.default\">\n\t\t\t\t<div class=\"elementor-widget-container\">\n\t\t\t\t\t<div class=\"elementor-spacer\">\n\t\t\t<div class=\"elementor-spacer-inner\"><\/div>\n\t\t<\/div>\n\t\t\t\t<\/div>\n\t\t\t\t<\/div>\n\t\t\t\t<div class=\"elementor-element elementor-element-5edb9ff elementor-widget elementor-widget-text-editor\" data-id=\"5edb9ff\" data-element_type=\"widget\" data-widget_type=\"text-editor.default\">\n\t\t\t\t<div class=\"elementor-widget-container\">\n\t\t\t\t\t\t\t<p>Sakal ve b\u0131y\u0131k ekimi k\u00f6se olarak tabir edilen y\u00fcz\u00fcnde hi\u00e7 sakal ve b\u0131y\u0131k olmayan hastalara da uygulanabilen bir y\u00f6ntemdir. Bu \u015fekilde klini\u011fimize gelen Arap ve Uzakdo\u011fulu bir\u00e7ok hastaya ba\u015far\u0131 ile sa\u00e7, b\u0131y\u0131k ekimi uygulanm\u0131\u015ft\u0131r.<\/p><p>Bununla birlikte nakil yap\u0131lacak hastan\u0131n esmer ya da sar\u0131\u015f\u0131n olmas\u0131 tedavi s\u00fcrecini hi\u00e7bir \u015fekilde etkilemez. Sa\u00e7 ve sakal\u0131 farkl\u0131 renkte \u00e7\u0131kan hastalar\u0131 da iyi analiz etmek gerekir. \u00c7\u0131kacak olas\u0131 sonu\u00e7 konusunda hastay\u0131 \u00f6nceden ikaz etmekte fayda vard\u0131r.<\/p>\t\t\t\t\t\t<\/div>\n\t\t\t\t<\/div>\n\t\t\t\t<div class=\"elementor-element elementor-element-8f5bee6 elementor-widget elementor-widget-spacer\" data-id=\"8f5bee6\" data-element_type=\"widget\" data-widget_type=\"spacer.default\">\n\t\t\t\t<div class=\"elementor-widget-container\">\n\t\t\t\t\t<div class=\"elementor-spacer\">\n\t\t\t<div class=\"elementor-spacer-inner\"><\/div>\n\t\t<\/div>\n\t\t\t\t<\/div>\n\t\t\t\t<\/div>\n\t\t\t\t<div class=\"elementor-element elementor-element-93ed559 elementor-widget elementor-widget-image\" data-id=\"93ed559\" data-element_type=\"widget\" data-widget_type=\"image.default\">\n\t\t\t\t<div class=\"elementor-widget-container\">\n\t\t\t\t\t\t\t\t\t\t\t\t\t<img decoding=\"async\" width=\"702\" height=\"387\" src=\"data:image\/svg+xml;charset=utf-8,%3Csvg xmlns%3D&#039;http%3A%2F%2Fwww.w3.org%2F2000%2Fsvg&#039; viewBox%3D&#039;0 0  &#039;%2F%3E\" class=\"attachment-full size-full wp-image-8055 ld-lazyload\" alt=\"\" data-src=\"https:\/\/drmerdancelik.de\/tr\/wp-content\/uploads\/2024\/11\/sakal-ekimi-1.jpg\" data-srcset=\"https:\/\/drmerdancelik.de\/tr\/wp-content\/uploads\/2024\/11\/sakal-ekimi-1.jpg 702w, https:\/\/drmerdancelik.de\/tr\/wp-content\/uploads\/2024\/11\/sakal-ekimi-1-300x165.jpg 300w, https:\/\/drmerdancelik.de\/tr\/wp-content\/uploads\/2024\/11\/sakal-ekimi-1-700x387.jpg 700w\" data-sizes=\"(max-width: 702px) 100vw, 702px\" data-aspect=\"\" \/>\t\t\t\t\t\t\t\t\t\t\t\t\t<\/div>\n\t\t\t\t<\/div>\n\t\t\t\t<div class=\"elementor-element elementor-element-c3f57f6 elementor-widget elementor-widget-spacer\" data-id=\"c3f57f6\" data-element_type=\"widget\" data-widget_type=\"spacer.default\">\n\t\t\t\t<div class=\"elementor-widget-container\">\n\t\t\t\t\t<div class=\"elementor-spacer\">\n\t\t\t<div class=\"elementor-spacer-inner\"><\/div>\n\t\t<\/div>\n\t\t\t\t<\/div>\n\t\t\t\t<\/div>\n\t\t\t\t<div class=\"elementor-element elementor-element-862b3ce elementor-widget elementor-widget-hub_fancy_heading\" data-id=\"862b3ce\" data-element_type=\"widget\" data-widget_type=\"hub_fancy_heading.default\">\n\t\t\t\t<div class=\"elementor-widget-container\">\n\t\t\t\n\t\t<div id=\"ld-fancy-heading-69e393463a059\" class=\"ld-fancy-heading pos-rel\">\n\t\t\t<h2 class=\"ld-fh-element d-inline-block pos-rel  elementor-heading-title lqd-highlight-classic lqd-highlight-grow-left h2\"  > Sakal, b\u0131y\u0131k ekimi nas\u0131l yap\u0131l\u0131r?\n\n<\/h2>\t\t<\/div>\n\n\t\t\t\t<\/div>\n\t\t\t\t<\/div>\n\t\t\t\t<div class=\"elementor-element elementor-element-cfecd63 elementor-widget elementor-widget-spacer\" data-id=\"cfecd63\" data-element_type=\"widget\" data-widget_type=\"spacer.default\">\n\t\t\t\t<div class=\"elementor-widget-container\">\n\t\t\t\t\t<div class=\"elementor-spacer\">\n\t\t\t<div class=\"elementor-spacer-inner\"><\/div>\n\t\t<\/div>\n\t\t\t\t<\/div>\n\t\t\t\t<\/div>\n\t\t\t\t<div class=\"elementor-element elementor-element-e9f097d elementor-widget elementor-widget-text-editor\" data-id=\"e9f097d\" data-element_type=\"widget\" data-widget_type=\"text-editor.default\">\n\t\t\t\t<div class=\"elementor-widget-container\">\n\t\t\t\t\t\t\t<p>Sakal ve b\u0131y\u0131k ekimi lokal anestezi alt\u0131nda yap\u0131lan tek seansl\u0131k bir i\u015flemdir. Yakla\u015f\u0131k olarak 4-5 saat aras\u0131nda s\u00fcren a\u011fr\u0131s\u0131z bir i\u015flemdir. \u0130\u015flemin ertesi g\u00fcn\u00fc nakil yap\u0131lan b\u00f6lgede ufak tefek baz\u0131 kabuklanmalar g\u00f6r\u00fclebilir. Ancak k\u0131sa s\u00fcrede ge\u00e7er. Ekilen k\u00f6klerin ucundaki k\u0131llar 15 g\u00fcn sonra d\u00f6k\u00fcl\u00fcr. Bu durum normal bir s\u00fcre\u00e7tir. \u00dc\u00e7 ay sonra k\u0131llar tekrar uzamaya ba\u015flarlar. 6 ila 8 ay i\u00e7inde istenen \u00f6l\u00e7\u00fctte sakal ve b\u0131y\u0131\u011fa hasta kavu\u015fmu\u015f olur.<\/p>\t\t\t\t\t\t<\/div>\n\t\t\t\t<\/div>\n\t\t\t\t<div class=\"elementor-element elementor-element-8b0fe1b elementor-widget elementor-widget-spacer\" data-id=\"8b0fe1b\" data-element_type=\"widget\" data-widget_type=\"spacer.default\">\n\t\t\t\t<div class=\"elementor-widget-container\">\n\t\t\t\t\t<div class=\"elementor-spacer\">\n\t\t\t<div class=\"elementor-spacer-inner\"><\/div>\n\t\t<\/div>\n\t\t\t\t<\/div>\n\t\t\t\t<\/div>\n\t\t\t\t<div class=\"elementor-element elementor-element-433ec59 elementor-widget elementor-widget-hub_fancy_heading\" data-id=\"433ec59\" data-element_type=\"widget\" data-widget_type=\"hub_fancy_heading.default\">\n\t\t\t\t<div class=\"elementor-widget-container\">\n\t\t\t\n\t\t<div id=\"ld-fancy-heading-69e393463aa20\" class=\"ld-fancy-heading pos-rel\">\n\t\t\t<h2 class=\"ld-fh-element d-inline-block pos-rel  elementor-heading-title lqd-highlight-classic lqd-highlight-grow-left h2\"  > S\u0131k Sorulan Sorular<\/h2>\t\t<\/div>\n\n\t\t\t\t<\/div>\n\t\t\t\t<\/div>\n\t\t\t\t<div class=\"elementor-element elementor-element-5e203ae elementor-widget elementor-widget-spacer\" data-id=\"5e203ae\" data-element_type=\"widget\" data-widget_type=\"spacer.default\">\n\t\t\t\t<div class=\"elementor-widget-container\">\n\t\t\t\t\t<div class=\"elementor-spacer\">\n\t\t\t<div class=\"elementor-spacer-inner\"><\/div>\n\t\t<\/div>\n\t\t\t\t<\/div>\n\t\t\t\t<\/div>\n\t\t\t\t<div class=\"elementor-element elementor-element-f936414 elementor-widget elementor-widget-ld_accordion\" data-id=\"f936414\" data-element_type=\"widget\" data-widget_type=\"ld_accordion.default\">\n\t\t\t\t<div class=\"elementor-widget-container\">\n\t\t\t\n\t\t<div class=\"accordion accordion-sm\" id=\"accordion-69e393463e7a6\" role=\"tablist\" aria-multiselectable=\"true\">\n\t\t\t\t\t\t\t\t\t\t\t\t<div class=\"accordion-item panel  active\">\n\n\t\t\t\t<div class=\"accordion-heading\" role=\"tab\" id=\"heading-2611\">\n\t\t\t\t<h4 class=\"accordion-title  tabindex=\"-1\">\t\t\t\t\t<a class=\"\" role=\"button\" data-toggle=\"collapse\" data-bs-toggle=\"collapse\"\n                    tabindex=\"0\"\n\t\t\t\t\tdata-parent=\"#accordion-69e393463e7a6\" data-bs-parent=\"#accordion-69e393463e7a6\" href=\"#collapse-2611\" data-target=\"#collapse-2611\" data-bs-target=\"#collapse-2611\"\n\t\t\t\t\taria-expanded=\"true\" aria-controls=\"collapse-2611\">\n\t\t\t\t\t\t\t\t\t\t\t\t<span class=\"accordion-title-txt\">Sakal ve b\u0131y\u0131k ekimi kimlere yap\u0131l\u0131r?<\/span>\n\t\t\t\t\t\t\t\t\t\t\t\t\t<span class=\"accordion-expander\"><i class=\"fa fa-chevron-down\"><\/i><i class=\"fa fa-chevron-up\"><\/i><\/span>\t\t\t\t\t\t\t\t\t\t\t<\/a>\n\t\t\t\t<\/h4>\t\t\t\t<\/div>\n\n\t\t\t\t<div id=\"collapse-2611\" class=\"accordion-collapse collapse  show\" data-bs-parent=\"#accordion-69e393463e7a6\" role=\"tabpanel\" aria-labelledby=\"heading-2611\">\n\n\t\t\t\t<div class=\"accordion-content\">\n\t\t\t\t\t<ul><li>Genetik sebeplerle sakal ve b\u0131y\u0131k yo\u011funlu\u011fu d\u00fc\u015f\u00fck olanlar.<\/li><li>Kazalar, yara izleri veya yan\u0131klar nedeniyle b\u00f6lgede k\u0131l kayb\u0131 ya\u015fayanlar.<\/li><li>Daha dolgun bir sakal ve b\u0131y\u0131k g\u00f6r\u00fcn\u00fcm\u00fc isteyenler.<\/li><\/ul>\t\t\t\t<\/div>\n\n\t\t\t\t<\/div>\n\n\t\t\t<\/div>\n\t\t\t\t\t\t\t\t\t<div class=\"accordion-item panel \">\n\n\t\t\t\t<div class=\"accordion-heading\" role=\"tab\" id=\"heading-2612\">\n\t\t\t\t<h4 class=\"accordion-title  tabindex=\"-1\">\t\t\t\t\t<a class=\"collapsed\" role=\"button\" data-toggle=\"collapse\" data-bs-toggle=\"collapse\"\n                    tabindex=\"0\"\n\t\t\t\t\tdata-parent=\"#accordion-69e393463e7a6\" data-bs-parent=\"#accordion-69e393463e7a6\" href=\"#collapse-2612\" data-target=\"#collapse-2612\" data-bs-target=\"#collapse-2612\"\n\t\t\t\t\taria-expanded=\"false\" aria-controls=\"collapse-2612\">\n\t\t\t\t\t\t\t\t\t\t\t\t<span class=\"accordion-title-txt\">Ekilen sakal ve b\u0131y\u0131k do\u011fal g\u00f6r\u00fcn\u00fcr m\u00fc?<\/span>\n\t\t\t\t\t\t\t\t\t\t\t\t\t<span class=\"accordion-expander\"><i class=\"fa fa-chevron-down\"><\/i><i class=\"fa fa-chevron-up\"><\/i><\/span>\t\t\t\t\t\t\t\t\t\t\t<\/a>\n\t\t\t\t<\/h4>\t\t\t\t<\/div>\n\n\t\t\t\t<div id=\"collapse-2612\" class=\"accordion-collapse collapse \" data-bs-parent=\"#accordion-69e393463e7a6\" role=\"tabpanel\" aria-labelledby=\"heading-2612\">\n\n\t\t\t\t<div class=\"accordion-content\">\n\t\t\t\t\t<p>Evet, ekilen k\u0131l k\u00f6kleri ki\u015finin do\u011fal k\u0131l k\u00f6klerine uygun bir a\u00e7\u0131da ve yo\u011funlukta ekildi\u011fi i\u00e7in do\u011fal bir g\u00f6r\u00fcn\u00fcm elde edilir.<\/p>\t\t\t\t<\/div>\n\n\t\t\t\t<\/div>\n\n\t\t\t<\/div>\n\t\t\t\t\t\t\t\t\t<div class=\"accordion-item panel \">\n\n\t\t\t\t<div class=\"accordion-heading\" role=\"tab\" id=\"heading-2613\">\n\t\t\t\t<h4 class=\"accordion-title  tabindex=\"-1\">\t\t\t\t\t<a class=\"collapsed\" role=\"button\" data-toggle=\"collapse\" data-bs-toggle=\"collapse\"\n                    tabindex=\"0\"\n\t\t\t\t\tdata-parent=\"#accordion-69e393463e7a6\" data-bs-parent=\"#accordion-69e393463e7a6\" href=\"#collapse-2613\" data-target=\"#collapse-2613\" data-bs-target=\"#collapse-2613\"\n\t\t\t\t\taria-expanded=\"false\" aria-controls=\"collapse-2613\">\n\t\t\t\t\t\t\t\t\t\t\t\t<span class=\"accordion-title-txt\">Sakal ve b\u0131y\u0131k ekimi ne kadar s\u00fcrer?<\/span>\n\t\t\t\t\t\t\t\t\t\t\t\t\t<span class=\"accordion-expander\"><i class=\"fa fa-chevron-down\"><\/i><i class=\"fa fa-chevron-up\"><\/i><\/span>\t\t\t\t\t\t\t\t\t\t\t<\/a>\n\t\t\t\t<\/h4>\t\t\t\t<\/div>\n\n\t\t\t\t<div id=\"collapse-2613\" class=\"accordion-collapse collapse \" data-bs-parent=\"#accordion-69e393463e7a6\" role=\"tabpanel\" aria-labelledby=\"heading-2613\">\n\n\t\t\t\t<div class=\"accordion-content\">\n\t\t\t\t\t<p>\u0130\u015flem, ekilecek greft say\u0131s\u0131na ba\u011fl\u0131 olarak 4-6 saat s\u00fcrebilir.<\/p>\t\t\t\t<\/div>\n\n\t\t\t\t<\/div>\n\n\t\t\t<\/div>\n\t\t\t\t\t\t\t\t\t\t<script type=\"application\/ld+json\">{\"@context\":\"https:\\\/\\\/schema.org\",\"@type\":\"FAQPage\",\"mainEntity\":[{\"@type\":\"Question\",\"name\":\"Sakal ve b\\u0131y\\u0131k ekimi kimlere yap\\u0131l\\u0131r?\",\"acceptedAnswer\":{\"@type\":\"Answer\",\"text\":\"Genetik sebeplerle sakal ve byk younluu dk olanlar.Kazalar, yara izleri veya yanklar nedeniyle blgede kl kayb yaayanlar.Daha dolgun bir sakal ve byk grnm isteyenler.\"}},{\"@type\":\"Question\",\"name\":\"Ekilen sakal ve b\\u0131y\\u0131k do\\u011fal g\\u00f6r\\u00fcn\\u00fcr m\\u00fc?\",\"acceptedAnswer\":{\"@type\":\"Answer\",\"text\":\"Evet, ekilen kl kkleri kiinin doal kl kklerine uygun bir ada ve younlukta ekildii iin doal bir grnm elde edilir.\"}},{\"@type\":\"Question\",\"name\":\"Sakal ve b\\u0131y\\u0131k ekimi ne kadar s\\u00fcrer?\",\"acceptedAnswer\":{\"@type\":\"Answer\",\"text\":\"lem, ekilecek greft saysna bal olarak 4-6 saat srebilir.\"}}]}<\/script>\n\t\t\t\n\t\t<\/div>\n\n\t\t\t\t<\/div>\n\t\t\t\t<\/div>\n\t\t\t\t\t<\/div>\n\t\t<\/div>\n\t\t\t\t<div class=\"lqd-css-sticky-column elementor-column elementor-col-50 elementor-top-column elementor-element elementor-element-c0ab821\" style=\"--lqd-sticky-offset:20px\" data-id=\"c0ab821\" data-element_type=\"column\">\n\t\t\t<div class=\"elementor-widget-wrap elementor-element-populated\">\n\t\t\t\t\t\t<div class=\"elementor-element elementor-element-b4b237d elementor-widget elementor-widget-hub_fancy_heading\" data-id=\"b4b237d\" data-element_type=\"widget\" data-widget_type=\"hub_fancy_heading.default\">\n\t\t\t\t<div class=\"elementor-widget-container\">\n\t\t\t\n\t\t<div id=\"ld-fancy-heading-69e39346514d7\" class=\"ld-fancy-heading pos-rel\">\n\t\t\t<div class=\"ld-fh-element d-inline-block pos-rel  lqd-highlight-classic lqd-highlight-grow-left div\"  > \u00dccretsiz Kons\u00fcltasyon<\/div>\t\t<\/div>\n\n\t\t\t\t<\/div>\n\t\t\t\t<\/div>\n\t\t\t\t<div class=\"elementor-element elementor-element-c0b7240 elementor-widget elementor-widget-spacer\" data-id=\"c0b7240\" data-element_type=\"widget\" data-widget_type=\"spacer.default\">\n\t\t\t\t<div class=\"elementor-widget-container\">\n\t\t\t\t\t<div class=\"elementor-spacer\">\n\t\t\t<div class=\"elementor-spacer-inner\"><\/div>\n\t\t<\/div>\n\t\t\t\t<\/div>\n\t\t\t\t<\/div>\n\t\t\t\t<div class=\"elementor-element elementor-element-98a1bf8 elementor-widget elementor-widget-ld_cf722\" data-id=\"98a1bf8\" data-element_type=\"widget\" data-widget_type=\"ld_cf722.default\">\n\t\t\t\t<div class=\"elementor-widget-container\">\n\t\t\t\n\t<div class=\"lqd-contact-form    lqd-contact-form-button-block  lqd-contact-form-button-lg lqd-contact-form-button-round  \">\n\t\t\n<div class=\"wpcf7 no-js\" id=\"wpcf7-f7627-o1\" lang=\"en-US\" dir=\"ltr\" data-wpcf7-id=\"7627\">\n<div class=\"screen-reader-response\"><p role=\"status\" aria-live=\"polite\" aria-atomic=\"true\"><\/p> <ul><\/ul><\/div>\n<form action=\"\/tr\/wp-json\/wp\/v2\/pages\/8009#wpcf7-f7627-o1\" method=\"post\" class=\"wpcf7-form init\" aria-label=\"Contact form\" novalidate=\"novalidate\" data-status=\"init\">\n<div style=\"display: none;\">\n<input type=\"hidden\" name=\"_wpcf7\" value=\"7627\" \/>\n<input type=\"hidden\" name=\"_wpcf7_version\" value=\"6.0\" \/>\n<input type=\"hidden\" name=\"_wpcf7_locale\" value=\"en_US\" \/>\n<input type=\"hidden\" name=\"_wpcf7_unit_tag\" value=\"wpcf7-f7627-o1\" \/>\n<input type=\"hidden\" name=\"_wpcf7_container_post\" value=\"0\" \/>\n<input type=\"hidden\" name=\"_wpcf7_posted_data_hash\" value=\"\" \/>\n<\/div>\n<p><span class=\"wpcf7-form-control-wrap\" data-name=\"adi\"><input size=\"40\" maxlength=\"400\" class=\"wpcf7-form-control wpcf7-text wpcf7-validates-as-required\" aria-required=\"true\" aria-invalid=\"false\" placeholder=\"Ad\u0131n\u0131z\" value=\"\" type=\"text\" name=\"adi\" \/><\/span><span class=\"wpcf7-form-control-wrap\" data-name=\"tel\"><input size=\"40\" class=\"wpcf7-form-control wpcf7-phonetext wpcf7-validates-as-required wpcf7-text wpcf7-validates-as-phonetext\" aria-required=\"true\" aria-invalid=\"false\" value=\"\" type=\"text\" name=\"tel\" \/><input type=\"hidden\" name=\"tel-country-code\" class=\"wpcf7-phonetext-country-code\" \/><\/span><span class=\"wpcf7-form-control-wrap\" data-name=\"mesaj\"><textarea cols=\"10\" rows=\"3\" maxlength=\"2000\" class=\"wpcf7-form-control wpcf7-textarea wpcf7-validates-as-required\" aria-required=\"true\" aria-invalid=\"false\" placeholder=\"Mesaj\u0131n\u0131z\" name=\"mesaj\"><\/textarea><\/span><input class=\"wpcf7-form-control wpcf7-submit has-spinner\" type=\"submit\" value=\"Formu G\u00f6nder\" \/>\n<\/p><div class=\"wpcf7-response-output\" aria-hidden=\"true\"><\/div>\n<\/form>\n<\/div>\n\t<\/div>\n\n\t\t\t<\/div>\n\t\t\t\t<\/div>\n\t\t\t\t\t<\/div>\n\t\t<\/div>\n\t\t\t\t\t<\/div>\n\t\t<\/section>\n\t\t\t\t<\/div>\n\t\t","protected":false},"excerpt":{"rendered":"<p>Anasayfa Sakal &amp; B\u0131y\u0131k Ekimi Son d\u00f6nemde filmlerde ve dizilerde sakall\u0131 j\u00f6nlerin \u00f6n planda olmas\u0131 sakal ve b\u0131y\u0131k ekimini \u00f6n plana \u00e7\u0131kartt\u0131. Sadece T\u00fcrk erkeklerinin de\u011fil Arap erkeklerinin de \u00e7ok ra\u011fbet g\u00f6sterdi\u011fi bu ekimi sakal, b\u0131y\u0131k, favori olarak \u00fc\u00e7 grupta toplamak gerekir. Tedavi \u0130\u00e7eri\u011fi K\u00f6se olan erkeklerde uygulanabilir mi? Sakal ve b\u0131y\u0131k ekimi k\u00f6se olarak [&hellip;]<\/p>\n","protected":false},"author":1,"featured_media":0,"parent":8775,"menu_order":0,"comment_status":"closed","ping_status":"closed","template":"","meta":{"om_disable_all_campaigns":false,"_monsterinsights_skip_tracking":false,"_monsterinsights_sitenote_active":false,"_monsterinsights_sitenote_note":"","_monsterinsights_sitenote_category":0,"footnotes":""},"class_list":["post-8009","page","type-page","status-publish","hentry"],"_links":{"self":[{"href":"https:\/\/drmerdancelik.de\/tr\/wp-json\/wp\/v2\/pages\/8009","targetHints":{"allow":["GET"]}}],"collection":[{"href":"https:\/\/drmerdancelik.de\/tr\/wp-json\/wp\/v2\/pages"}],"about":[{"href":"https:\/\/drmerdancelik.de\/tr\/wp-json\/wp\/v2\/types\/page"}],"author":[{"embeddable":true,"href":"https:\/\/drmerdancelik.de\/tr\/wp-json\/wp\/v2\/users\/1"}],"replies":[{"embeddable":true,"href":"https:\/\/drmerdancelik.de\/tr\/wp-json\/wp\/v2\/comments?post=8009"}],"version-history":[{"count":16,"href":"https:\/\/drmerdancelik.de\/tr\/wp-json\/wp\/v2\/pages\/8009\/revisions"}],"predecessor-version":[{"id":8917,"href":"https:\/\/drmerdancelik.de\/tr\/wp-json\/wp\/v2\/pages\/8009\/revisions\/8917"}],"up":[{"embeddable":true,"href":"https:\/\/drmerdancelik.de\/tr\/wp-json\/wp\/v2\/pages\/8775"}],"wp:attachment":[{"href":"https:\/\/drmerdancelik.de\/tr\/wp-json\/wp\/v2\/media?parent=8009"}],"curies":[{"name":"wp","href":"https:\/\/api.w.org\/{rel}","templated":true}]}}