{"id":8007,"date":"2024-11-25T17:35:58","date_gmt":"2024-11-25T14:35:58","guid":{"rendered":"https:\/\/drmerdancelik.de\/en\/?page_id=8007"},"modified":"2024-12-02T18:30:07","modified_gmt":"2024-12-02T15:30:07","slug":"blog","status":"publish","type":"page","link":"https:\/\/drmerdancelik.de\/en\/blog\/","title":{"rendered":"Blog"},"content":{"rendered":"\t\t<div data-elementor-type=\"wp-page\" data-elementor-id=\"8007\" class=\"elementor elementor-8007\" data-elementor-post-type=\"page\">\n\t\t\t\t\t\t<section class=\"elementor-section elementor-top-section elementor-element elementor-element-c9b3ad5 elementor-section-boxed elementor-section-height-default elementor-section-height-default\" data-id=\"c9b3ad5\" data-element_type=\"section\">\n\t\t\t\t\t\t<div class=\"elementor-container elementor-column-gap-default\">\n\t\t\t\t\t<div class=\"elementor-column elementor-col-100 elementor-top-column elementor-element elementor-element-a31e693\" data-id=\"a31e693\" data-element_type=\"column\">\n\t\t\t<div class=\"elementor-widget-wrap elementor-element-populated\">\n\t\t\t\t\t\t<div class=\"elementor-element elementor-element-92deaa6 elementor-widget__width-auto elementor-widget elementor-widget-ld_breadcrumb\" data-id=\"92deaa6\" data-element_type=\"widget\" data-widget_type=\"ld_breadcrumb.default\">\n\t\t\t\t<div class=\"elementor-widget-container\">\n\t\t\t<div class=\"lqd-breadcrumb-wrapper\"><nav role=\"navigation\" aria-label=\"Breadcrumbs\" class=\"breadcrumbs\"><ol class=\"breadcrumb reset-ul inline-nav inline-ul comma-sep-li\"><li class=\"breadcrumb-item active\"><a href=\"https:\/\/drmerdancelik.de\/en\" rel=\"home\"><span>Anasayfa<\/span><\/a><\/li><\/ol><\/nav><\/div>\t\t<\/div>\n\t\t\t\t<\/div>\n\t\t\t\t<div class=\"elementor-element elementor-element-1795aca elementor-widget elementor-widget-hub_fancy_heading\" data-id=\"1795aca\" data-element_type=\"widget\" data-widget_type=\"hub_fancy_heading.default\">\n\t\t\t\t<div class=\"elementor-widget-container\">\n\t\t\t\n\t\t<div id=\"ld-fancy-heading-69eb5628ab7c7\" class=\"ld-fancy-heading pos-rel\">\n\t\t\t<h6 class=\"ld-fh-element d-inline-block pos-rel  elementor-heading-title lqd-highlight-classic lqd-highlight-grow-left h6\"  > Ha\u0131r Transplant &amp; Med\u0131cal Aesthet\u0131cs<\/h6>\t\t<\/div>\n\n\t\t\t\t<\/div>\n\t\t\t\t<\/div>\n\t\t\t\t<div class=\"elementor-element elementor-element-d61b19f elementor-widget elementor-widget-spacer\" data-id=\"d61b19f\" data-element_type=\"widget\" data-widget_type=\"spacer.default\">\n\t\t\t\t<div class=\"elementor-widget-container\">\n\t\t\t\t\t<div class=\"elementor-spacer\">\n\t\t\t<div class=\"elementor-spacer-inner\"><\/div>\n\t\t<\/div>\n\t\t\t\t<\/div>\n\t\t\t\t<\/div>\n\t\t\t\t<div class=\"elementor-element elementor-element-aa76194 elementor-widget elementor-widget-hub_fancy_heading\" data-id=\"aa76194\" data-element_type=\"widget\" data-widget_type=\"hub_fancy_heading.default\">\n\t\t\t\t<div class=\"elementor-widget-container\">\n\t\t\t\n\t\t<div id=\"ld-fancy-heading-69eb5628ac1a6\" class=\"ld-fancy-heading pos-rel\">\n\t\t\t<h2 class=\"ld-fh-element d-inline-block pos-rel  elementor-heading-title lqd-highlight-classic lqd-highlight-grow-left h2\"  > Blog Posts<\/h2>\t\t<\/div>\n\n\t\t\t\t<\/div>\n\t\t\t\t<\/div>\n\t\t\t\t<div class=\"elementor-element elementor-element-a0092b1 elementor-widget elementor-widget-spacer\" data-id=\"a0092b1\" data-element_type=\"widget\" data-widget_type=\"spacer.default\">\n\t\t\t\t<div class=\"elementor-widget-container\">\n\t\t\t\t\t<div class=\"elementor-spacer\">\n\t\t\t<div class=\"elementor-spacer-inner\"><\/div>\n\t\t<\/div>\n\t\t\t\t<\/div>\n\t\t\t\t<\/div>\n\t\t\t\t<div class=\"elementor-element elementor-element-ede859d elementor-widget elementor-widget-ld_blog\" data-id=\"ede859d\" data-element_type=\"widget\" data-widget_type=\"ld_blog.default\">\n\t\t\t\t<div class=\"elementor-widget-container\">\n\t\t\t<div class=\"lqd-lp-grid ede859d blog-id-249464221 \"><div class=\"lqd-lp-row row pos-rel d-flex flex-wrap\" ><div class=\"lqd-lp-column d-flex flex-column col-md-12 hair-transplant\"><article id=\"post-8184\" class=\"lqd-lp pos-rel lqd-lp-style-5 d-flex flex-wrap align-items-center text-start post-8184 post type-post status-publish format-standard has-post-thumbnail hentry category-hair-transplant\">\n<div class=\"lqd-lp-img mb-5 w-100\"><figure class=\"overflow-hidden border-radius-6\"><img fetchpriority=\"high\" decoding=\"async\" width=\"1200\" height=\"600\" src=\"https:\/\/drmerdancelik.de\/en\/wp-content\/uploads\/2024\/11\/sakal-ekimi-blog-1.jpg\" class=\"w-100 wp-post-image\" alt=\"\" srcset=\"https:\/\/drmerdancelik.de\/en\/wp-content\/uploads\/2024\/11\/sakal-ekimi-blog-1.jpg 1200w, https:\/\/drmerdancelik.de\/en\/wp-content\/uploads\/2024\/11\/sakal-ekimi-blog-1-300x150.jpg 300w, https:\/\/drmerdancelik.de\/en\/wp-content\/uploads\/2024\/11\/sakal-ekimi-blog-1-1024x512.jpg 1024w\" sizes=\"(max-width: 1200px) 100vw, 1200px\" itemprop=\"image\" \/><\/figure><\/div>\n<div class=\"lqd-lp-content pl-md-8 w-md-50 w-100\">\n\n\t<header class=\"lqd-lp-header\">\n\n\t\t<div class=\"lqd-lp-meta d-flex align-items-center\">\n\t\t\n\t\t\t<span class=\"screen-reader-text\">Tags <\/span><ul class=\"lqd-lp-cat lqd-lp-cat-shaped lqd-lp-cat-border reset-ul inline-ul pos-rel z-index-3 font-weight-bold text-uppercase ltr-sp-1\"><li class=\"border-radius-6\"><a href=\"https:\/\/drmerdancelik.de\/en\/kategori\/hair-transplant\/\" rel=\"category\" style=--color-primary:#000000>Hair Transplant<\/a><\/li><\/ul>\n\t\t\t<time class=\"lqd-lp-date pos-rel ms-4 ml-4\" datetime=\"2024-11-26T12:34:09+03:00\">1 y\u0131l ago<\/time>\n\t\t\t\n\t\t<\/div>\n\n\t\t<h2 class=\"entry-title lqd-lp-title mt-3 mb-4 h5\"><a  href=\"https:\/\/drmerdancelik.de\/en\/beard-and-mustache-transplant-natural-and-permanent-solutions.html\/\" rel=\"bookmark\">Beard and Mustache Transplant: Natural and Permanent Solutions<\/a><\/h2>\n\t<\/header>\n\n\t\t\t\t<div class=\"lqd-lp-excerpt w-80 mb-3\">\n\t\t\t\tIn recent years, the demand for aesthetic procedures among men has been rising, and beard and mustache...\t\t\t<\/div>\n\t\t\n\t<footer class=\"lqd-lp-footer mt-4\">\n\n\t\t<div class=\"lqd-lp-meta\">\n\t\t\t<div class=\"lqd-lp-author d-flex flex-wrap align-items-center pos-rel\">\n\t\t\t\t<a href=\"https:\/\/drmerdancelik.de\/en\/author\/serkan\/\" class=\"lqd-overlay z-index-3\"><\/a>\n\t\t\t\t<figure class=\"border-radius-circle overflow-hidden\">\n\t\t\t\t\t<img alt='serkan' src='https:\/\/secure.gravatar.com\/avatar\/550f84b1c2e961de8ec36d1fbd98b001199e8fa8904016ca3d1cee167a79dd1f?s=50&#038;d=mm&#038;r=g' srcset='https:\/\/secure.gravatar.com\/avatar\/550f84b1c2e961de8ec36d1fbd98b001199e8fa8904016ca3d1cee167a79dd1f?s=100&#038;d=mm&#038;r=g 2x' class='avatar avatar-50 photo w-100' height='50' width='50' \/>\t\t\t\t<\/figure>\n\t\t\t\t<div class=\"lqd-lp-author-info ms-3 ml-3 mx-3\">\n\t\t\t\t\t<h3 class=\"mt-0 mb-0\">serkan<\/h3>\n\t\t\t\t<\/div>\n\t\t\t<\/div>\n\t\t<\/div>\n\t<\/footer>\n\n<\/div>\n\n<a  href=\"https:\/\/drmerdancelik.de\/en\/beard-and-mustache-transplant-natural-and-permanent-solutions.html\/\" class=\"lqd-lp-overlay-link lqd-overlay lqd-cc-label-trigger z-index-2\" tab-index=\"-1\"><\/a><\/article><\/div><div class=\"lqd-lp-column d-flex flex-column col-md-12 medical-aesthetics\"><article id=\"post-8175\" class=\"lqd-lp pos-rel lqd-lp-style-5 d-flex flex-wrap align-items-center text-start post-8175 post type-post status-publish format-standard has-post-thumbnail hentry category-medical-aesthetics\">\n<div class=\"lqd-lp-img mb-5 w-100\"><figure class=\"overflow-hidden border-radius-6\"><img decoding=\"async\" width=\"1200\" height=\"600\" src=\"data:image\/svg+xml;charset=utf-8,%3Csvg xmlns%3D&#039;http%3A%2F%2Fwww.w3.org%2F2000%2Fsvg&#039; viewBox%3D&#039;0 0  &#039;%2F%3E\" class=\"w-100 ld-lazyload wp-post-image\" alt=\"\" itemprop=\"image\" data-src=\"https:\/\/drmerdancelik.de\/en\/wp-content\/uploads\/2024\/11\/dudak-dolgusu-blog-1.jpg\" data-srcset=\"https:\/\/drmerdancelik.de\/en\/wp-content\/uploads\/2024\/11\/dudak-dolgusu-blog-1.jpg 1200w, https:\/\/drmerdancelik.de\/en\/wp-content\/uploads\/2024\/11\/dudak-dolgusu-blog-1-300x150.jpg 300w, https:\/\/drmerdancelik.de\/en\/wp-content\/uploads\/2024\/11\/dudak-dolgusu-blog-1-1024x512.jpg 1024w\" data-sizes=\"(max-width: 1200px) 100vw, 1200px\" data-aspect=\"\" \/><\/figure><\/div>\n<div class=\"lqd-lp-content pl-md-8 w-md-50 w-100\">\n\n\t<header class=\"lqd-lp-header\">\n\n\t\t<div class=\"lqd-lp-meta d-flex align-items-center\">\n\t\t\n\t\t\t<span class=\"screen-reader-text\">Tags <\/span><ul class=\"lqd-lp-cat lqd-lp-cat-shaped lqd-lp-cat-border reset-ul inline-ul pos-rel z-index-3 font-weight-bold text-uppercase ltr-sp-1\"><li class=\"border-radius-6\"><a href=\"https:\/\/drmerdancelik.de\/en\/kategori\/medical-aesthetics\/\" rel=\"category\" style=--color-primary:#000000>Medical Aesthetics<\/a><\/li><\/ul>\n\t\t\t<time class=\"lqd-lp-date pos-rel ms-4 ml-4\" datetime=\"2024-11-26T12:11:56+03:00\">1 y\u0131l ago<\/time>\n\t\t\t\n\t\t<\/div>\n\n\t\t<h2 class=\"entry-title lqd-lp-title mt-3 mb-4 h5\"><a  href=\"https:\/\/drmerdancelik.de\/en\/lip-fillers-tips-for-natural-and-attractive-lips.html\/\" rel=\"bookmark\">Lip Fillers Tips for Natural and Attractive Lips<\/a><\/h2>\n\t<\/header>\n\n\t\t\t\t<div class=\"lqd-lp-excerpt w-80 mb-3\">\n\t\t\t\tToday, aesthetic interventions are frequently preferred to emphasize natural beauty and balance facial...\t\t\t<\/div>\n\t\t\n\t<footer class=\"lqd-lp-footer mt-4\">\n\n\t\t<div class=\"lqd-lp-meta\">\n\t\t\t<div class=\"lqd-lp-author d-flex flex-wrap align-items-center pos-rel\">\n\t\t\t\t<a href=\"https:\/\/drmerdancelik.de\/en\/author\/serkan\/\" class=\"lqd-overlay z-index-3\"><\/a>\n\t\t\t\t<figure class=\"border-radius-circle overflow-hidden\">\n\t\t\t\t\t<img alt='serkan' src='https:\/\/secure.gravatar.com\/avatar\/550f84b1c2e961de8ec36d1fbd98b001199e8fa8904016ca3d1cee167a79dd1f?s=50&#038;d=mm&#038;r=g' srcset='https:\/\/secure.gravatar.com\/avatar\/550f84b1c2e961de8ec36d1fbd98b001199e8fa8904016ca3d1cee167a79dd1f?s=100&#038;d=mm&#038;r=g 2x' class='avatar avatar-50 photo w-100' height='50' width='50' \/>\t\t\t\t<\/figure>\n\t\t\t\t<div class=\"lqd-lp-author-info ms-3 ml-3 mx-3\">\n\t\t\t\t\t<h3 class=\"mt-0 mb-0\">serkan<\/h3>\n\t\t\t\t<\/div>\n\t\t\t<\/div>\n\t\t<\/div>\n\t<\/footer>\n\n<\/div>\n\n<a  href=\"https:\/\/drmerdancelik.de\/en\/lip-fillers-tips-for-natural-and-attractive-lips.html\/\" class=\"lqd-lp-overlay-link lqd-overlay lqd-cc-label-trigger z-index-2\" tab-index=\"-1\"><\/a><\/article><\/div><div class=\"lqd-lp-column d-flex flex-column col-md-12 hair-transplant\"><article id=\"post-6072\" class=\"lqd-lp pos-rel lqd-lp-style-5 d-flex flex-wrap align-items-center text-start post-6072 post type-post status-publish format-standard has-post-thumbnail hentry category-hair-transplant\">\n<div class=\"lqd-lp-img mb-5 w-100\"><figure class=\"overflow-hidden border-radius-6\"><img decoding=\"async\" width=\"1200\" height=\"600\" src=\"data:image\/svg+xml;charset=utf-8,%3Csvg xmlns%3D&#039;http%3A%2F%2Fwww.w3.org%2F2000%2Fsvg&#039; viewBox%3D&#039;0 0  &#039;%2F%3E\" class=\"w-100 ld-lazyload wp-post-image\" alt=\"\" itemprop=\"image\" data-src=\"https:\/\/drmerdancelik.de\/en\/wp-content\/uploads\/2021\/06\/dhi-sac-ekimi-nasil-yapilir-1.jpg\" data-srcset=\"https:\/\/drmerdancelik.de\/en\/wp-content\/uploads\/2021\/06\/dhi-sac-ekimi-nasil-yapilir-1.jpg 1200w, https:\/\/drmerdancelik.de\/en\/wp-content\/uploads\/2021\/06\/dhi-sac-ekimi-nasil-yapilir-1-300x150.jpg 300w, https:\/\/drmerdancelik.de\/en\/wp-content\/uploads\/2021\/06\/dhi-sac-ekimi-nasil-yapilir-1-1024x512.jpg 1024w\" data-sizes=\"(max-width: 1200px) 100vw, 1200px\" data-aspect=\"\" \/><\/figure><\/div>\n<div class=\"lqd-lp-content pl-md-8 w-md-50 w-100\">\n\n\t<header class=\"lqd-lp-header\">\n\n\t\t<div class=\"lqd-lp-meta d-flex align-items-center\">\n\t\t\n\t\t\t<span class=\"screen-reader-text\">Tags <\/span><ul class=\"lqd-lp-cat lqd-lp-cat-shaped lqd-lp-cat-border reset-ul inline-ul pos-rel z-index-3 font-weight-bold text-uppercase ltr-sp-1\"><li class=\"border-radius-6\"><a href=\"https:\/\/drmerdancelik.de\/en\/kategori\/hair-transplant\/\" rel=\"category\" style=--color-primary:#000000>Hair Transplant<\/a><\/li><\/ul>\n\t\t\t<time class=\"lqd-lp-date pos-rel ms-4 ml-4\" datetime=\"2021-06-02T13:40:12+03:00\">5 y\u0131l ago<\/time>\n\t\t\t\n\t\t<\/div>\n\n\t\t<h2 class=\"entry-title lqd-lp-title mt-3 mb-4 h5\"><a  href=\"https:\/\/drmerdancelik.de\/en\/what-is-the-dhi-technique-and-how-is-it-performed.html\/\" rel=\"bookmark\">What is the DHI Technique and How Is It Performed?<\/a><\/h2>\n\t<\/header>\n\n\t\t\t\t<div class=\"lqd-lp-excerpt w-80 mb-3\">\n\t\t\t\tHair is removed from the donor site one by one with special punches known as Choi implanter pens, which are&hellip;\t\t\t<\/div>\n\t\t\n\t<footer class=\"lqd-lp-footer mt-4\">\n\n\t\t<div class=\"lqd-lp-meta\">\n\t\t\t<div class=\"lqd-lp-author d-flex flex-wrap align-items-center pos-rel\">\n\t\t\t\t<a href=\"https:\/\/drmerdancelik.de\/en\/author\/serkan\/\" class=\"lqd-overlay z-index-3\"><\/a>\n\t\t\t\t<figure class=\"border-radius-circle overflow-hidden\">\n\t\t\t\t\t<img alt='serkan' src='https:\/\/secure.gravatar.com\/avatar\/550f84b1c2e961de8ec36d1fbd98b001199e8fa8904016ca3d1cee167a79dd1f?s=50&#038;d=mm&#038;r=g' srcset='https:\/\/secure.gravatar.com\/avatar\/550f84b1c2e961de8ec36d1fbd98b001199e8fa8904016ca3d1cee167a79dd1f?s=100&#038;d=mm&#038;r=g 2x' class='avatar avatar-50 photo w-100' height='50' width='50' \/>\t\t\t\t<\/figure>\n\t\t\t\t<div class=\"lqd-lp-author-info ms-3 ml-3 mx-3\">\n\t\t\t\t\t<h3 class=\"mt-0 mb-0\">serkan<\/h3>\n\t\t\t\t<\/div>\n\t\t\t<\/div>\n\t\t<\/div>\n\t<\/footer>\n\n<\/div>\n\n<a  href=\"https:\/\/drmerdancelik.de\/en\/what-is-the-dhi-technique-and-how-is-it-performed.html\/\" class=\"lqd-lp-overlay-link lqd-overlay lqd-cc-label-trigger z-index-2\" tab-index=\"-1\"><\/a><\/article><\/div><\/div><!--\/ .row --><\/div><!--\/ .lqd-lp-grid -->\t\t<\/div>\n\t\t\t\t<\/div>\n\t\t\t\t\t<\/div>\n\t\t<\/div>\n\t\t\t\t\t<\/div>\n\t\t<\/section>\n\t\t\t\t<\/div>\n\t\t","protected":false},"excerpt":{"rendered":"<p>Anasayfa Ha\u0131r Transplant &amp; Med\u0131cal Aesthet\u0131cs Blog Posts Tags Hair Transplant 6 g\u00fcn ago Beard and Mustache Transplant: Natural and<\/p>\n","protected":false},"author":1,"featured_media":0,"parent":0,"menu_order":0,"comment_status":"closed","ping_status":"closed","template":"","meta":{"om_disable_all_campaigns":false,"_monsterinsights_skip_tracking":false,"_monsterinsights_sitenote_active":false,"_monsterinsights_sitenote_note":"","_monsterinsights_sitenote_category":0,"footnotes":""},"class_list":["post-8007","page","type-page","status-publish","hentry"],"_links":{"self":[{"href":"https:\/\/drmerdancelik.de\/en\/wp-json\/wp\/v2\/pages\/8007","targetHints":{"allow":["GET"]}}],"collection":[{"href":"https:\/\/drmerdancelik.de\/en\/wp-json\/wp\/v2\/pages"}],"about":[{"href":"https:\/\/drmerdancelik.de\/en\/wp-json\/wp\/v2\/types\/page"}],"author":[{"embeddable":true,"href":"https:\/\/drmerdancelik.de\/en\/wp-json\/wp\/v2\/users\/1"}],"replies":[{"embeddable":true,"href":"https:\/\/drmerdancelik.de\/en\/wp-json\/wp\/v2\/comments?post=8007"}],"version-history":[{"count":49,"href":"https:\/\/drmerdancelik.de\/en\/wp-json\/wp\/v2\/pages\/8007\/revisions"}],"predecessor-version":[{"id":9238,"href":"https:\/\/drmerdancelik.de\/en\/wp-json\/wp\/v2\/pages\/8007\/revisions\/9238"}],"wp:attachment":[{"href":"https:\/\/drmerdancelik.de\/en\/wp-json\/wp\/v2\/media?parent=8007"}],"curies":[{"name":"wp","href":"https:\/\/api.w.org\/{rel}","templated":true}]}}