{"id":7649,"date":"2024-11-22T14:54:27","date_gmt":"2024-11-22T11:54:27","guid":{"rendered":"https:\/\/drmerdancelik.de\/en\/?page_id=7649"},"modified":"2024-12-03T09:31:44","modified_gmt":"2024-12-03T06:31:44","slug":"dr-merdan-celik","status":"publish","type":"page","link":"https:\/\/drmerdancelik.de\/en\/dr-merdan-celik\/","title":{"rendered":"Dr. Merdan \u00c7elik"},"content":{"rendered":"\t\t<div data-elementor-type=\"wp-page\" data-elementor-id=\"7649\" class=\"elementor elementor-7649\" data-elementor-post-type=\"page\">\n\t\t\t\t\t\t<section class=\"elementor-section elementor-top-section elementor-element elementor-element-c9b3ad5 elementor-section-boxed elementor-section-height-default elementor-section-height-default\" data-id=\"c9b3ad5\" data-element_type=\"section\">\n\t\t\t\t\t\t<div class=\"elementor-container elementor-column-gap-default\">\n\t\t\t\t\t<div class=\"lqd-css-sticky-column elementor-column elementor-col-50 elementor-top-column elementor-element elementor-element-c0ab821\" style=\"--lqd-sticky-offset:90px\" data-id=\"c0ab821\" data-element_type=\"column\">\n\t\t\t<div class=\"elementor-widget-wrap elementor-element-populated\">\n\t\t\t\t\t\t<div class=\"elementor-element elementor-element-fb0f059 elementor-widget elementor-widget-ld_fancy_image\" data-id=\"fb0f059\" data-element_type=\"widget\" data-widget_type=\"ld_fancy_image.default\">\n\t\t\t\t<div class=\"elementor-widget-container\">\n\t\t\t\n\t\t<div class=\"lqd-imggrp-single d-block pos-rel \">\n\t\t\t<div class=\"lqd-imggrp-img-container d-inline-flex pos-rel align-items-center justify-content-center \">\n\t\t\t\t\t\t\t\t<figure class=\"w-100 pos-rel\">\n\t\t\t\t\t<img fetchpriority=\"high\" decoding=\"async\" width=\"768\" height=\"710\" src=\"https:\/\/drmerdancelik.de\/en\/wp-content\/uploads\/2024\/11\/dr-merdan-celik-about1.jpg\" class=\"attachment-full size-full wp-image-7682\" alt=\"\" srcset=\"https:\/\/drmerdancelik.de\/en\/wp-content\/uploads\/2024\/11\/dr-merdan-celik-about1.jpg 768w, https:\/\/drmerdancelik.de\/en\/wp-content\/uploads\/2024\/11\/dr-merdan-celik-about1-300x277.jpg 300w\" sizes=\"(max-width: 768px) 100vw, 768px\" itemprop=\"image\" \/>\t\t\t\t\t\t\t\t\t\t\t\t\t\t\t\t\t\t\t\t\t\t\t\t\t\t\t\t\t<\/figure>\n\t\t\t<\/div>\n\t\t<\/div>\n\n\t\t\t<\/div>\n\t\t\t\t<\/div>\n\t\t\t\t\t<\/div>\n\t\t<\/div>\n\t\t\t\t<div class=\"elementor-column elementor-col-50 elementor-top-column elementor-element elementor-element-a31e693\" data-id=\"a31e693\" data-element_type=\"column\">\n\t\t\t<div class=\"elementor-widget-wrap elementor-element-populated\">\n\t\t\t\t\t\t<div class=\"elementor-element elementor-element-6bb9714 elementor-widget__width-auto elementor-widget elementor-widget-ld_breadcrumb\" data-id=\"6bb9714\" data-element_type=\"widget\" data-widget_type=\"ld_breadcrumb.default\">\n\t\t\t\t<div class=\"elementor-widget-container\">\n\t\t\t<div class=\"lqd-breadcrumb-wrapper\"><nav role=\"navigation\" aria-label=\"Breadcrumbs\" class=\"breadcrumbs\"><ol class=\"breadcrumb reset-ul inline-nav inline-ul comma-sep-li\"><li class=\"breadcrumb-item active\"><a href=\"https:\/\/drmerdancelik.de\/en\" rel=\"home\"><span>Anasayfa<\/span><\/a><\/li><\/ol><\/nav><\/div>\t\t<\/div>\n\t\t\t\t<\/div>\n\t\t\t\t<div class=\"elementor-element elementor-element-1795aca elementor-widget elementor-widget-hub_fancy_heading\" data-id=\"1795aca\" data-element_type=\"widget\" data-widget_type=\"hub_fancy_heading.default\">\n\t\t\t\t<div class=\"elementor-widget-container\">\n\t\t\t\n\t\t<div id=\"ld-fancy-heading-69eb538ec47cb\" class=\"ld-fancy-heading pos-rel\">\n\t\t\t<h6 class=\"ld-fh-element d-inline-block pos-rel  elementor-heading-title lqd-highlight-classic lqd-highlight-grow-left h6\"  > Ha\u0131r Transplant &amp; Med\u0131cal Aesthet\u0131cs<\/h6>\t\t<\/div>\n\n\t\t\t\t<\/div>\n\t\t\t\t<\/div>\n\t\t\t\t<div class=\"elementor-element elementor-element-d61b19f elementor-widget elementor-widget-spacer\" data-id=\"d61b19f\" data-element_type=\"widget\" data-widget_type=\"spacer.default\">\n\t\t\t\t<div class=\"elementor-widget-container\">\n\t\t\t\t\t<div class=\"elementor-spacer\">\n\t\t\t<div class=\"elementor-spacer-inner\"><\/div>\n\t\t<\/div>\n\t\t\t\t<\/div>\n\t\t\t\t<\/div>\n\t\t\t\t<div class=\"elementor-element elementor-element-aa76194 elementor-widget elementor-widget-hub_fancy_heading\" data-id=\"aa76194\" data-element_type=\"widget\" data-widget_type=\"hub_fancy_heading.default\">\n\t\t\t\t<div class=\"elementor-widget-container\">\n\t\t\t\n\t\t<div id=\"ld-fancy-heading-69eb538ec500e\" class=\"ld-fancy-heading pos-rel\">\n\t\t\t<h2 class=\"ld-fh-element d-inline-block pos-rel  elementor-heading-title lqd-highlight-classic lqd-highlight-grow-left h2\"  > Dr. Merdan \u00c7elik<\/h2>\t\t<\/div>\n\n\t\t\t\t<\/div>\n\t\t\t\t<\/div>\n\t\t\t\t<div class=\"elementor-element elementor-element-a0092b1 elementor-widget elementor-widget-spacer\" data-id=\"a0092b1\" data-element_type=\"widget\" data-widget_type=\"spacer.default\">\n\t\t\t\t<div class=\"elementor-widget-container\">\n\t\t\t\t\t<div class=\"elementor-spacer\">\n\t\t\t<div class=\"elementor-spacer-inner\"><\/div>\n\t\t<\/div>\n\t\t\t\t<\/div>\n\t\t\t\t<\/div>\n\t\t\t\t<div class=\"elementor-element elementor-element-5edb9ff elementor-widget elementor-widget-text-editor\" data-id=\"5edb9ff\" data-element_type=\"widget\" data-widget_type=\"text-editor.default\">\n\t\t\t\t<div class=\"elementor-widget-container\">\n\t\t\t\t\t\t\t<p>In 1997, after graduating from Trakya University Faculty of Medicine, he worked in public and private clinics for a while. Dr. Merdan \u00c7elik, who started his studies on hair transplantation and hair restoration in America, where he went through the United Nations Migration Organization (International Organization for Migration), where he worked as a volunteer between 2003 and 2005, has been performing hair transplantation since 2005. In the same year, he received the &#8220;Medical Aesthetic Medicine Certificate&#8221; issued by the Ministry of Health in Turkey.<\/p><p>Dr. Merdan \u00c7elik, who worked in the Ministry of Health for a while, then continued his hair transplantation and medical aesthetic medicine studies in private hospitals.<\/p><p>In 2007, he won the Department of Neurosurgery and Neurosurgery in TUS (Medical Specialization Examination). However, Dr. Merdan \u00c7elik decided to further his studies on hair transplantation and hair restoration, which he started in 2005 and worked with great devotion and effort. He has followed the innovations in the field of hair transplantation and hair restoration at national and international level and has turned to develop and implement them.<\/p><p>He mostly uses FUE technique and Sapphire and DHI techniques. He makes a difference by using more than one technique in combination according to the need.<\/p>\t\t\t\t\t\t<\/div>\n\t\t\t\t<\/div>\n\t\t\t\t\t<\/div>\n\t\t<\/div>\n\t\t\t\t\t<\/div>\n\t\t<\/section>\n\t\t\t\t<\/div>\n\t\t","protected":false},"excerpt":{"rendered":"<p>Anasayfa Ha\u0131r Transplant &amp; Med\u0131cal Aesthet\u0131cs Dr. Merdan \u00c7elik In 1997, after graduating from Trakya University Faculty of Medicine, he worked in public and private clinics for a while. Dr. Merdan \u00c7elik, who started his studies on hair transplantation and hair restoration in America, where he went through the United Nations Migration Organization (International Organization [&hellip;]<\/p>\n","protected":false},"author":1,"featured_media":0,"parent":0,"menu_order":0,"comment_status":"closed","ping_status":"closed","template":"","meta":{"om_disable_all_campaigns":false,"_monsterinsights_skip_tracking":false,"_monsterinsights_sitenote_active":false,"_monsterinsights_sitenote_note":"","_monsterinsights_sitenote_category":0,"footnotes":""},"class_list":["post-7649","page","type-page","status-publish","hentry"],"_links":{"self":[{"href":"https:\/\/drmerdancelik.de\/en\/wp-json\/wp\/v2\/pages\/7649","targetHints":{"allow":["GET"]}}],"collection":[{"href":"https:\/\/drmerdancelik.de\/en\/wp-json\/wp\/v2\/pages"}],"about":[{"href":"https:\/\/drmerdancelik.de\/en\/wp-json\/wp\/v2\/types\/page"}],"author":[{"embeddable":true,"href":"https:\/\/drmerdancelik.de\/en\/wp-json\/wp\/v2\/users\/1"}],"replies":[{"embeddable":true,"href":"https:\/\/drmerdancelik.de\/en\/wp-json\/wp\/v2\/comments?post=7649"}],"version-history":[{"count":82,"href":"https:\/\/drmerdancelik.de\/en\/wp-json\/wp\/v2\/pages\/7649\/revisions"}],"predecessor-version":[{"id":9249,"href":"https:\/\/drmerdancelik.de\/en\/wp-json\/wp\/v2\/pages\/7649\/revisions\/9249"}],"wp:attachment":[{"href":"https:\/\/drmerdancelik.de\/en\/wp-json\/wp\/v2\/media?parent=7649"}],"curies":[{"name":"wp","href":"https:\/\/api.w.org\/{rel}","templated":true}]}}